{"id":77,"date":"2020-09-01T15:00:56","date_gmt":"2020-09-01T15:00:56","guid":{"rendered":"http:\/\/190.57.232.171\/capacitacion\/?page_id=77"},"modified":"2021-08-20T12:22:54","modified_gmt":"2021-08-20T12:22:54","slug":"convenios","status":"publish","type":"page","link":"http:\/\/190.57.232.171\/capacitacion\/index.php\/convenios\/","title":{"rendered":"Convenios"},"content":{"rendered":"\t\t<div data-elementor-type=\"wp-page\" data-elementor-id=\"77\" class=\"elementor elementor-77\" data-elementor-settings=\"[]\">\n\t\t\t\t\t\t<div class=\"elementor-inner\">\n\t\t\t\t\t\t\t<div class=\"elementor-section-wrap\">\n\t\t\t\t\t\t\t<section class=\"elementor-section elementor-top-section elementor-element elementor-element-5747671b elementor-section-boxed elementor-section-height-default elementor-section-height-default\" data-id=\"5747671b\" data-element_type=\"section\">\n\t\t\t\t\t\t<div class=\"elementor-container elementor-column-gap-default\">\n\t\t\t\t\t\t\t<div class=\"elementor-row\">\n\t\t\t\t\t<div class=\"elementor-column elementor-col-100 elementor-top-column elementor-element elementor-element-5b499a1c\" data-id=\"5b499a1c\" data-element_type=\"column\">\n\t\t\t<div class=\"elementor-column-wrap elementor-element-populated\">\n\t\t\t\t\t\t\t<div class=\"elementor-widget-wrap\">\n\t\t\t\t\t\t<div class=\"elementor-element elementor-element-2c0bc3c7 elementor-widget elementor-widget-text-editor\" data-id=\"2c0bc3c7\" data-element_type=\"widget\" data-widget_type=\"text-editor.default\">\n\t\t\t\t<div class=\"elementor-widget-container\">\n\t\t\t\t\t\t\t\t<div class=\"elementor-text-editor elementor-clearfix\">\n\t\t\t\t<p><!-- wp:paragraph --><\/p><p>&#8211;<\/p><p>El Ministerio de Salud de la Provincia posee m\u00e1s de 100 convenios con organizaciones, gobiernos e instituciones. Se trata de acuerdos que establecen el intercambio, la cooperaci\u00f3n y la colaboraci\u00f3n rec\u00edproca con dichos organismos. Sus objetivos son ordenar u organizar las acciones de articulaci\u00f3n entre el Ministerio de Salud y establecimientos educativos y de formaci\u00f3n. Actualmente se encuentran en vigencia convenios Marcos con diferentes casas de estudio de todo el pa\u00eds.<\/p><p><!-- \/wp:paragraph --><\/p><p><!-- wp:shortcode --><br \/>            <div id=\"post-grid-lazy-154\" class=\"post-grid-lazy\"><img alt=\"\" src=\"\"\/><\/div>\r\n        <script>\r\n            jQuery('#post-grid-lazy-154').ready(function($){\r\n                $('#post-grid-lazy-154').fadeOut();\r\n                $('#post-grid-154').fadeIn();\r\n            })\r\n        <\/script>\r\n        <style type=\"text\/css\">\r\n            #post-grid-154{display: none;}\r\n            .post-grid-lazy{\r\n                text-align: center;\r\n            }\r\n        <\/style>\r\n            <div data-options='{\"id\":\"154\",\"lazy_load\":\"yes\",\"masonry_enable\":\"yes\",\"view_type\":\"grid\"}' id=\"post-grid-154\" class=\"post-grid grid\">\r\n            <div class=\"post-grid-search\">\r\n        <form grid_id=\"154\" action=\"http:\/\/190.57.232.171\/capacitacion\/index.php\/convenios\/\" method=\"get\">\r\n                <div class=\"field-wrap field-wrap-keyword\">\r\n\r\n        <span class=\"search-icon\"><i class=\"fas fa-search\"><\/i><\/span>\r\n        <input grid_id=\"154\" title=\"Press enter to reset\" class=\"search\" type=\"text\" name=\"keyword\" placeholder=\"Comience a tipear\" value=\"\">\r\n\r\n    <\/div>\r\n\r\n\r\n        <div class=\"field-wrap field-wrap-submit\">\r\n\r\n        <input type=\"hidden\" id=\"_wpnonce\" name=\"_wpnonce\" value=\"b81d5207f6\" \/>\r\n        <input type=\"submit\" value=\"Search\">\r\n        <span class=\"search-loading\"><i class=\"fas fa-spinner fa-spin\"><\/i><\/span>\r\n\r\n    <\/div>\r\n\r\n\r\n    \r\n        <\/form>\r\n\r\n    <\/div>\r\n\r\n            <div class=\"grid-items\">\r\n            \r\n    <div class=\"item item-1551 skin flat even 0 \">\r\n                <div class=\"layer-wrapper layout-644\">\r\n                <div class=\"layer-media element_1587187627902\" id=\"\">\r\n        <div class=\"element element_1587190790308  element-media \">\r\n        <a target=\"_self\" href=\"http:\/\/190.57.232.171\/capacitacion\/index.php\/convenio-marco-de-colaboracion-mutua-uader\/\"><img width=\"361\" height=\"215\" src=\"http:\/\/190.57.232.171\/capacitacion\/wp-content\/uploads\/2023\/07\/Acompanar-a-los-que-cuidan-14.png\" class=\"attachment-large size-large wp-post-image\" alt=\"\" loading=\"lazy\" \/><\/a>\r\n\r\n    <\/div>\r\n        <\/div>\r\n        <div class=\"layer-content element_1587187714568\" id=\"\">\r\n        <div class=\"element element_1587187895341  title \">\r\n                    <a target=\"_blank\" href=\"http:\/\/190.57.232.171\/capacitacion\/index.php\/convenio-marco-de-colaboracion-mutua-uader\/\">Convenio Marco de Colaboraci\u00f3n Mutua UADER<\/a>\r\n\r\n\t\t\r\n\r\n    <\/div>\r\n        <div class=\"element element_1587187729822  excerpt \">\r\n        Convenio aprobado entre la Universidad Aut\u00f3noma de Entre R\u00edos (UADER) y el Ministerio de Salud de Entre R\u00edos. De car\u00e1cter                    <a target=\"_self\" href=\"http:\/\/190.57.232.171\/capacitacion\/index.php\/convenio-marco-de-colaboracion-mutua-uader\/\">Read more<\/a>\r\n            <\/div>\r\n        <\/div>\r\n            <\/div>\r\n    <\/div>\r\n    \r\n    <div class=\"item item-1283 skin flat odd 1 \">\r\n                <div class=\"layer-wrapper layout-644\">\r\n                <div class=\"layer-media element_1587187627902\" id=\"\">\r\n        <div class=\"element element_1587190790308  element-media \">\r\n        <a target=\"_self\" href=\"http:\/\/190.57.232.171\/capacitacion\/index.php\/administracion-nacional-de-laboratorios-e-institutos-de-salud-dr-carlos-g-malbran-anlis-convenio-marco\/\"><img width=\"361\" height=\"215\" src=\"http:\/\/190.57.232.171\/capacitacion\/wp-content\/uploads\/2023\/01\/Acompanar-a-los-que-cuidan-34.jpg\" class=\"attachment-large size-large wp-post-image\" alt=\"\" loading=\"lazy\" \/><\/a>\r\n\r\n    <\/div>\r\n        <\/div>\r\n        <div class=\"layer-content element_1587187714568\" id=\"\">\r\n        <div class=\"element element_1587187895341  title \">\r\n                    <a target=\"_blank\" href=\"http:\/\/190.57.232.171\/capacitacion\/index.php\/administracion-nacional-de-laboratorios-e-institutos-de-salud-dr-carlos-g-malbran-anlis-convenio-marco\/\">ADMINISTRACI\u00d3N NACIONAL DE LABORATORIOS E INSTITUTOS DE SALUD &quot;DR. CARLOS G. MALBR\u00c1N&quot; (ANLIS): CONVENIO MARCO<\/a>\r\n\r\n\t\t\r\n\r\n    <\/div>\r\n        <div class=\"element element_1587187729822  excerpt \">\r\n        Convenio aprobado entre la Administraci\u00f3n Nacional de Laboratorios e Institutos de Salud \u00abDr. Carlos G. Malbr\u00e1n\u00bb (ANLIS) y el Ministerio                    <a target=\"_self\" href=\"http:\/\/190.57.232.171\/capacitacion\/index.php\/administracion-nacional-de-laboratorios-e-institutos-de-salud-dr-carlos-g-malbran-anlis-convenio-marco\/\">Read more<\/a>\r\n            <\/div>\r\n        <\/div>\r\n            <\/div>\r\n    <\/div>\r\n    \r\n    <div class=\"item item-1279 skin flat even 2 \">\r\n                <div class=\"layer-wrapper layout-644\">\r\n                <div class=\"layer-media element_1587187627902\" id=\"\">\r\n        <div class=\"element element_1587190790308  element-media \">\r\n        <a target=\"_self\" href=\"http:\/\/190.57.232.171\/capacitacion\/index.php\/consejo-general-de-educacion-convenio-especifico-de-practicas-curriculares\/\"><img width=\"361\" height=\"215\" src=\"http:\/\/190.57.232.171\/capacitacion\/wp-content\/uploads\/2023\/01\/Acompanar-a-los-que-cuidan-33.jpg\" class=\"attachment-large size-large wp-post-image\" alt=\"\" loading=\"lazy\" \/><\/a>\r\n\r\n    <\/div>\r\n        <\/div>\r\n        <div class=\"layer-content element_1587187714568\" id=\"\">\r\n        <div class=\"element element_1587187895341  title \">\r\n                    <a target=\"_blank\" href=\"http:\/\/190.57.232.171\/capacitacion\/index.php\/consejo-general-de-educacion-convenio-especifico-de-practicas-curriculares\/\">CONSEJO GENERAL DE EDUCACI\u00d3N: CONVENIO ESPEC\u00cdFICO DE PR\u00c1CTICAS CURRICULARES<\/a>\r\n\r\n\t\t\r\n\r\n    <\/div>\r\n        <div class=\"element element_1587187729822  excerpt \">\r\n        Convenio aprobado entre el Consejo General de Educaci\u00f3n (C.G.E.) y el Ministerio de Salud de Entre R\u00edos. De car\u00e1cter Espec\u00edfico                    <a target=\"_self\" href=\"http:\/\/190.57.232.171\/capacitacion\/index.php\/consejo-general-de-educacion-convenio-especifico-de-practicas-curriculares\/\">Read more<\/a>\r\n            <\/div>\r\n        <\/div>\r\n            <\/div>\r\n    <\/div>\r\n    \r\n    <div class=\"item item-1276 skin flat odd 3 \">\r\n                <div class=\"layer-wrapper layout-644\">\r\n                <div class=\"layer-media element_1587187627902\" id=\"\">\r\n        <div class=\"element element_1587190790308  element-media \">\r\n        <a target=\"_self\" href=\"http:\/\/190.57.232.171\/capacitacion\/index.php\/uca-convenio-especifico-para-practicas-academicas\/\"><img width=\"361\" height=\"215\" src=\"http:\/\/190.57.232.171\/capacitacion\/wp-content\/uploads\/2023\/01\/Acompanar-a-los-que-cuidan-32.jpg\" class=\"attachment-large size-large wp-post-image\" alt=\"\" loading=\"lazy\" \/><\/a>\r\n\r\n    <\/div>\r\n        <\/div>\r\n        <div class=\"layer-content element_1587187714568\" id=\"\">\r\n        <div class=\"element element_1587187895341  title \">\r\n                    <a target=\"_blank\" href=\"http:\/\/190.57.232.171\/capacitacion\/index.php\/uca-convenio-especifico-para-practicas-academicas\/\">UCA: CONVENIO ESPEC\u00cdFICO PARA PR\u00c1CTICAS ACAD\u00c9MICAS<\/a>\r\n\r\n\t\t\r\n\r\n    <\/div>\r\n        <div class=\"element element_1587187729822  excerpt \">\r\n        Convenio aprobado entre la Facultad Teresa de \u00c1vila -Universidad Cat\u00f3lica Argentina- y el Ministerio de Salud de Entre R\u00edos. De                    <a target=\"_self\" href=\"http:\/\/190.57.232.171\/capacitacion\/index.php\/uca-convenio-especifico-para-practicas-academicas\/\">Read more<\/a>\r\n            <\/div>\r\n        <\/div>\r\n            <\/div>\r\n    <\/div>\r\n    \r\n    <div class=\"item item-1272 skin flat even 4 \">\r\n                <div class=\"layer-wrapper layout-644\">\r\n                <div class=\"layer-media element_1587187627902\" id=\"\">\r\n        <div class=\"element element_1587190790308  element-media \">\r\n        <a target=\"_self\" href=\"http:\/\/190.57.232.171\/capacitacion\/index.php\/facultad-de-ciencias-de-la-vida-y-la-salud-convenio-marco-de-pasantias\/\"><img width=\"361\" height=\"215\" src=\"http:\/\/190.57.232.171\/capacitacion\/wp-content\/uploads\/2023\/01\/Acompanar-a-los-que-cuidan-31.jpg\" class=\"attachment-large size-large wp-post-image\" alt=\"\" loading=\"lazy\" \/><\/a>\r\n\r\n    <\/div>\r\n        <\/div>\r\n        <div class=\"layer-content element_1587187714568\" id=\"\">\r\n        <div class=\"element element_1587187895341  title \">\r\n                    <a target=\"_blank\" href=\"http:\/\/190.57.232.171\/capacitacion\/index.php\/facultad-de-ciencias-de-la-vida-y-la-salud-convenio-marco-de-pasantias\/\">FACULTAD DE CIENCIAS DE LA VIDA Y LA SALUD: CONVENIO MARCO DE PASANT\u00cdAS<\/a>\r\n\r\n\t\t\r\n\r\n    <\/div>\r\n        <div class=\"element element_1587187729822  excerpt \">\r\n        Convenio aprobado entre la Facultad de Ciencias de la Vida y la Salud &#8211; UADER- y el Ministerio de Salud                    <a target=\"_self\" href=\"http:\/\/190.57.232.171\/capacitacion\/index.php\/facultad-de-ciencias-de-la-vida-y-la-salud-convenio-marco-de-pasantias\/\">Read more<\/a>\r\n            <\/div>\r\n        <\/div>\r\n            <\/div>\r\n    <\/div>\r\n    \r\n    <div class=\"item item-1268 skin flat odd 5 \">\r\n                <div class=\"layer-wrapper layout-644\">\r\n                <div class=\"layer-media element_1587187627902\" id=\"\">\r\n        <div class=\"element element_1587190790308  element-media \">\r\n        <a target=\"_self\" href=\"http:\/\/190.57.232.171\/capacitacion\/index.php\/ucu-convenio-especifico-para-pfo\/\"><img width=\"361\" height=\"215\" src=\"http:\/\/190.57.232.171\/capacitacion\/wp-content\/uploads\/2023\/01\/Acompanar-a-los-que-cuidan-30.jpg\" class=\"attachment-large size-large wp-post-image\" alt=\"\" loading=\"lazy\" \/><\/a>\r\n\r\n    <\/div>\r\n        <\/div>\r\n        <div class=\"layer-content element_1587187714568\" id=\"\">\r\n        <div class=\"element element_1587187895341  title \">\r\n                    <a target=\"_blank\" href=\"http:\/\/190.57.232.171\/capacitacion\/index.php\/ucu-convenio-especifico-para-pfo\/\">UCU: CONVENIO ESPEC\u00cdFICO PARA PFO<\/a>\r\n\r\n\t\t\r\n\r\n    <\/div>\r\n        <div class=\"element element_1587187729822  excerpt \">\r\n        Convenio aprobado entre la Universidad de Concepci\u00f3n del Uruguay y el Ministerio de Salud de Entre R\u00edos. De car\u00e1cter espec\u00edfico                    <a target=\"_self\" href=\"http:\/\/190.57.232.171\/capacitacion\/index.php\/ucu-convenio-especifico-para-pfo\/\">Read more<\/a>\r\n            <\/div>\r\n        <\/div>\r\n            <\/div>\r\n    <\/div>\r\n    \r\n    <div class=\"item item-1259 skin flat even 6 \">\r\n                <div class=\"layer-wrapper layout-644\">\r\n                <div class=\"layer-media element_1587187627902\" id=\"\">\r\n        <div class=\"element element_1587190790308  element-media \">\r\n        <a target=\"_self\" href=\"http:\/\/190.57.232.171\/capacitacion\/index.php\/convenio-especifico-con-la-universidad-del-gran-rosario\/\"><img width=\"361\" height=\"215\" src=\"http:\/\/190.57.232.171\/capacitacion\/wp-content\/uploads\/2023\/01\/Acompanar-a-los-que-cuidan-28.jpg\" class=\"attachment-large size-large wp-post-image\" alt=\"\" loading=\"lazy\" \/><\/a>\r\n\r\n    <\/div>\r\n        <\/div>\r\n        <div class=\"layer-content element_1587187714568\" id=\"\">\r\n        <div class=\"element element_1587187895341  title \">\r\n                    <a target=\"_blank\" href=\"http:\/\/190.57.232.171\/capacitacion\/index.php\/convenio-especifico-con-la-universidad-del-gran-rosario\/\">CONVENIO ESPEC\u00cdFICO CON LA UNIVERSIDAD DEL GRAN ROSARIO<\/a>\r\n\r\n\t\t\r\n\r\n    <\/div>\r\n        <div class=\"element element_1587187729822  excerpt \">\r\n        Convenio aprobado entre la Universidad del Gran Rosario y el Ministerio de Salud de Entre R\u00edos. De car\u00e1cter espec\u00edfico para                    <a target=\"_self\" href=\"http:\/\/190.57.232.171\/capacitacion\/index.php\/convenio-especifico-con-la-universidad-del-gran-rosario\/\">Read more<\/a>\r\n            <\/div>\r\n        <\/div>\r\n            <\/div>\r\n    <\/div>\r\n    \r\n    <div class=\"item item-1255 skin flat odd 7 \">\r\n                <div class=\"layer-wrapper layout-644\">\r\n                <div class=\"layer-media element_1587187627902\" id=\"\">\r\n        <div class=\"element element_1587190790308  element-media \">\r\n        <a target=\"_self\" href=\"http:\/\/190.57.232.171\/capacitacion\/index.php\/facultad-de-ciencias-de-la-salud-convenio-especifico-para-practicas-supervisadas\/\"><img width=\"361\" height=\"215\" src=\"http:\/\/190.57.232.171\/capacitacion\/wp-content\/uploads\/2023\/01\/Acompanar-a-los-que-cuidan-27.jpg\" class=\"attachment-large size-large wp-post-image\" alt=\"\" loading=\"lazy\" \/><\/a>\r\n\r\n    <\/div>\r\n        <\/div>\r\n        <div class=\"layer-content element_1587187714568\" id=\"\">\r\n        <div class=\"element element_1587187895341  title \">\r\n                    <a target=\"_blank\" href=\"http:\/\/190.57.232.171\/capacitacion\/index.php\/facultad-de-ciencias-de-la-salud-convenio-especifico-para-practicas-supervisadas\/\">FACULTAD DE CIENCIAS DE LA SALUD CONVENIO ESPEC\u00cdFICO PARA PR\u00c1CTICAS SUPERVISADAS<\/a>\r\n\r\n\t\t\r\n\r\n    <\/div>\r\n        <div class=\"element element_1587187729822  excerpt \">\r\n        Convenio aprobado entre la Facultad de Ciencias de la Salud (UNER) y el Ministerio de Salud de Entre R\u00edos. De                    <a target=\"_self\" href=\"http:\/\/190.57.232.171\/capacitacion\/index.php\/facultad-de-ciencias-de-la-salud-convenio-especifico-para-practicas-supervisadas\/\">Read more<\/a>\r\n            <\/div>\r\n        <\/div>\r\n            <\/div>\r\n    <\/div>\r\n    \r\n    <div class=\"item item-1250 skin flat even 8 \">\r\n                <div class=\"layer-wrapper layout-644\">\r\n                <div class=\"layer-media element_1587187627902\" id=\"\">\r\n        <div class=\"element element_1587190790308  element-media \">\r\n        <a target=\"_self\" href=\"http:\/\/190.57.232.171\/capacitacion\/index.php\/facultad-de-trabajo-social-convenio-especifico-de-practicas-academicas\/\"><img width=\"361\" height=\"215\" src=\"http:\/\/190.57.232.171\/capacitacion\/wp-content\/uploads\/2023\/01\/Acompanar-a-los-que-cuidan-1.png\" class=\"attachment-large size-large wp-post-image\" alt=\"\" loading=\"lazy\" \/><\/a>\r\n\r\n    <\/div>\r\n        <\/div>\r\n        <div class=\"layer-content element_1587187714568\" id=\"\">\r\n        <div class=\"element element_1587187895341  title \">\r\n                    <a target=\"_blank\" href=\"http:\/\/190.57.232.171\/capacitacion\/index.php\/facultad-de-trabajo-social-convenio-especifico-de-practicas-academicas\/\">FACULTAD DE TRABAJO SOCIAL: CONVENIO ESPEC\u00cdFICO DE PR\u00c1CTICAS ACAD\u00c9MICAS<\/a>\r\n\r\n\t\t\r\n\r\n    <\/div>\r\n        <div class=\"element element_1587187729822  excerpt \">\r\n        Convenio aprobado entre la Facultad de Trabajo Social &#8211; Universidad Nacional de Entre R\u00edos-y el Ministerio de Salud de Entre                    <a target=\"_self\" href=\"http:\/\/190.57.232.171\/capacitacion\/index.php\/facultad-de-trabajo-social-convenio-especifico-de-practicas-academicas\/\">Read more<\/a>\r\n            <\/div>\r\n        <\/div>\r\n            <\/div>\r\n    <\/div>\r\n    \r\n    <div class=\"item item-1245 skin flat odd 9 \">\r\n                <div class=\"layer-wrapper layout-644\">\r\n                <div class=\"layer-media element_1587187627902\" id=\"\">\r\n        <div class=\"element element_1587190790308  element-media \">\r\n        <a target=\"_self\" href=\"http:\/\/190.57.232.171\/capacitacion\/index.php\/uner-fce-convenio-marco-de-pasantias\/\"><img width=\"361\" height=\"215\" src=\"http:\/\/190.57.232.171\/capacitacion\/wp-content\/uploads\/2023\/01\/Acompanar-a-los-que-cuidan-26.jpg\" class=\"attachment-large size-large wp-post-image\" alt=\"\" loading=\"lazy\" \/><\/a>\r\n\r\n    <\/div>\r\n        <\/div>\r\n        <div class=\"layer-content element_1587187714568\" id=\"\">\r\n        <div class=\"element element_1587187895341  title \">\r\n                    <a target=\"_blank\" href=\"http:\/\/190.57.232.171\/capacitacion\/index.php\/uner-fce-convenio-marco-de-pasantias\/\">UNER FCE Convenio Marco de Pasant\u00edas<\/a>\r\n\r\n\t\t\r\n\r\n    <\/div>\r\n        <div class=\"element element_1587187729822  excerpt \">\r\n        Convenio aprobado en el a\u00f1o 2018 entre la Facultad de Ciencias de la Educaci\u00f3n de la Universidad Nacional de Entre                    <a target=\"_self\" href=\"http:\/\/190.57.232.171\/capacitacion\/index.php\/uner-fce-convenio-marco-de-pasantias\/\">Read more<\/a>\r\n            <\/div>\r\n        <\/div>\r\n            <\/div>\r\n    <\/div>\r\n            <\/div>\r\n            <div class=\"pagination\">\r\n            <div class=\"paginate\">\r\n        <span aria-current=\"page\" class=\"page-numbers current\">1<\/span>\n<a class=\"page-numbers\" href=\"http:\/\/190.57.232.171\/capacitacion\/index.php\/wp-json\/wp\/v2\/pages\/77\/page\/2\/\">2<\/a>\n<a class=\"page-numbers\" href=\"http:\/\/190.57.232.171\/capacitacion\/index.php\/wp-json\/wp\/v2\/pages\/77\/page\/3\/\">3<\/a>\n<span class=\"page-numbers dots\">&hellip;<\/span>\n<a class=\"page-numbers\" href=\"http:\/\/190.57.232.171\/capacitacion\/index.php\/wp-json\/wp\/v2\/pages\/77\/page\/5\/\">5<\/a>\n<a class=\"next page-numbers\" href=\"http:\/\/190.57.232.171\/capacitacion\/index.php\/wp-json\/wp\/v2\/pages\/77\/page\/2\/\">Siguiente \u00bb<\/a>    <\/div>\r\n    <style type=\"text\/css\">\r\n        #post-grid-154 .pagination .page-numbers{\r\n            font-size:16px;\r\n            color:#fff;\r\n            background:#646464;\r\n        }\r\n        #post-grid-154 .pagination .page-numbers:hover,\r\n        #post-grid-154 .pagination .page-numbers.current{\r\n            background:#4b4b4b;\r\n        }\r\n    <\/style>\r\n        <\/div>\r\n    <style type=\"text\/css\">\r\n.layout-644 .element_1587187627902{\r\n}\r\n<\/style>\r\n    <style type=\"text\/css\">\r\n.layout-644 .element_1587190790308{\r\n    overflow: hidden;\r\n}\r\n@media only screen and (min-width: 1024px ){\r\n    .layout-644 .element_1587190790308{\r\n                height: auto;\r\n        }\r\n}\r\n@media only screen and ( min-width: 768px ) and ( max-width: 1023px ) {\r\n    .layout-644 .element_1587190790308{\r\n            height: auto;\r\n        }\r\n}\r\n@media only screen and ( min-width: 0px ) and ( max-width: 767px ){\r\n    .layout-644 .element_1587190790308{\r\n            height: auto;\r\n        }\r\n}\r\n<\/style>\r\n    <style type=\"text\/css\">\r\n.layout-644 .element_1587187714568{\r\n    margin: 10px;\r\n}\r\n<\/style>\r\n    <style type=\"text\/css\">\r\n.layout-644 .element_1587187895341{\r\n    font-size: 18px;\r\n    margin: 5px 0px;\r\n    text-align: left;\r\n}\r\n.layout-644 .element_1587187895341 a{\r\n    font-size: 18px;\r\n}\r\n<\/style>\r\n    <style type=\"text\/css\">\r\n.layout-644 .element_1587187729822{\r\n    font-size: 13px;\r\n    margin: 0px 0px;\r\n    text-align: left;\r\n}\r\n.layout-644 .element_1587187729822 a{\r\n    font-size: 13px;\r\n}\r\n<\/style>\r\n    \r\n            \r\n            <style type=\"text\/css\">\r\n            .layout-644 a{text-decoration:none}.layout-644{vertical-align:top}.layout-644 .layer-content{padding:10px}        <\/style>\r\n        <script>\r\n                    jQuery('#post-grid-lazy-154').ready(function($){\r\n                var $container = $('#post-grid-154 .grid-items');\r\n                $container.masonry({\r\n                    itemSelector: '.item',\r\n                    columnWidth: '.item', \/\/as you wish , you can use numeric\r\n                    isAnimated: true,\r\n                    isFitWidth: true,\r\n                    horizontalOrder: true,\r\n                });\r\n                $container.imagesLoaded().done( function() {\r\n                    $container.masonry('layout');\r\n                });\r\n            })\r\n            <\/script>\r\n        <style type=\"text\/css\">\r\n        #post-grid-154 {\r\n                    padding:10px;\r\n                                        }\r\n        #post-grid-154 .grid-items{\r\n                    text-align: center;\r\n                }\r\n        #post-grid-154 .item{\r\n                    margin:10px;\r\n                            padding:0px;\r\n                            background:#fff;\r\n                }\r\n        #post-grid-154  .item .layer-media{\r\n            height:auto;        }\r\n        @media only screen and ( min-width: 0px ) and ( max-width: 767px ) {\r\n\r\n            #post-grid-154 .grid-items{\r\n                        }\r\n\r\n\r\n            #post-grid-154 .item{\r\n                            width:90%;\r\n                        height:auto;            }\r\n        }\r\n        @media only screen and ( min-width: 768px ) and ( max-width: 1023px ) {\r\n            #post-grid-154 .grid-items{\r\n                        }\r\n\r\n            #post-grid-154 .item{\r\n                            width:280px;\r\n                        max-height:auto;            }\r\n        }\r\n        @media only screen and (min-width: 1024px ){\r\n\r\n            #post-grid-154 .grid-items{\r\n                        }\r\n\r\n\r\n            #post-grid-154 .item{\r\n                            width:280px;\r\n                        height:auto;            }\r\n        }\r\n\r\n        \r\n\r\n    <\/style>\r\n        <\/div>\r\n    <br \/><!-- \/wp:shortcode --><\/p><p><!-- wp:file {\"id\":146,\"href\":\"http:\/\/190.57.232.171\/capacitacion\/wp-content\/uploads\/2021\/01\/Listado-de-instituciones-con-convenios.docx.pdf\",\"align\":\"center\"} --><\/p><div class=\"wp-block-file aligncenter\"><a href=\"http:\/\/190.57.232.171\/capacitacion\/wp-content\/uploads\/2021\/01\/Listado-de-instituciones-con-convenios.docx.pdf\">Listado-de-instituciones-con-convenios.docx<\/a><a class=\"wp-block-file__button\" href=\"http:\/\/190.57.232.171\/capacitacion\/wp-content\/uploads\/2021\/01\/Listado-de-instituciones-con-convenios.docx.pdf\" download=\"\">Descarga<\/a><\/div><p><!-- \/wp:file --><\/p><p><!-- wp:file {\"id\":149,\"href\":\"http:\/\/190.57.232.171\/capacitacion\/wp-content\/uploads\/2021\/01\/Flujograma-Convenios-practicas-y-pasantias.pdf\",\"align\":\"center\"} --><\/p><div class=\"wp-block-file aligncenter\"><a href=\"http:\/\/190.57.232.171\/capacitacion\/wp-content\/uploads\/2021\/01\/Flujograma-Convenios-practicas-y-pasantias.pdf\">Flujograma-Convenios-practicas-y-pasantias<\/a><a class=\"wp-block-file__button\" href=\"http:\/\/190.57.232.171\/capacitacion\/wp-content\/uploads\/2021\/01\/Flujograma-Convenios-practicas-y-pasantias.pdf\" download=\"\">Descarga<\/a><\/div><p><!-- \/wp:file --><\/p><p><!-- wp:paragraph --><\/p><p><!-- \/wp:paragraph --><\/p>\t\t\t\t\t<\/div>\n\t\t\t\t\t\t<\/div>\n\t\t\t\t<\/div>\n\t\t\t\t\t\t<\/div>\n\t\t\t\t\t<\/div>\n\t\t<\/div>\n\t\t\t\t\t\t\t\t<\/div>\n\t\t\t\t\t<\/div>\n\t\t<\/section>\n\t\t\t\t\t\t<\/div>\n\t\t\t\t\t\t<\/div>\n\t\t\t\t\t<\/div>\n\t\t","protected":false},"excerpt":{"rendered":"<p>&#8211; El Ministerio de Salud de la Provincia posee m\u00e1s de 100 convenios con organizaciones, gobiernos e instituciones. Se trata de acuerdos que establecen el&hellip;<\/p>\n","protected":false},"author":1,"featured_media":0,"parent":0,"menu_order":0,"comment_status":"closed","ping_status":"closed","template":"","meta":[],"_links":{"self":[{"href":"http:\/\/190.57.232.171\/capacitacion\/index.php\/wp-json\/wp\/v2\/pages\/77"}],"collection":[{"href":"http:\/\/190.57.232.171\/capacitacion\/index.php\/wp-json\/wp\/v2\/pages"}],"about":[{"href":"http:\/\/190.57.232.171\/capacitacion\/index.php\/wp-json\/wp\/v2\/types\/page"}],"author":[{"embeddable":true,"href":"http:\/\/190.57.232.171\/capacitacion\/index.php\/wp-json\/wp\/v2\/users\/1"}],"replies":[{"embeddable":true,"href":"http:\/\/190.57.232.171\/capacitacion\/index.php\/wp-json\/wp\/v2\/comments?post=77"}],"version-history":[{"count":10,"href":"http:\/\/190.57.232.171\/capacitacion\/index.php\/wp-json\/wp\/v2\/pages\/77\/revisions"}],"predecessor-version":[{"id":638,"href":"http:\/\/190.57.232.171\/capacitacion\/index.php\/wp-json\/wp\/v2\/pages\/77\/revisions\/638"}],"wp:attachment":[{"href":"http:\/\/190.57.232.171\/capacitacion\/index.php\/wp-json\/wp\/v2\/media?parent=77"}],"curies":[{"name":"wp","href":"https:\/\/api.w.org\/{rel}","templated":true}]}}