{"id":75,"date":"2020-09-01T15:00:28","date_gmt":"2020-09-01T15:00:28","guid":{"rendered":"http:\/\/190.57.232.171\/capacitacion\/?page_id=75"},"modified":"2021-08-24T16:49:21","modified_gmt":"2021-08-24T16:49:21","slug":"materiales-de-descarga","status":"publish","type":"page","link":"http:\/\/190.57.232.171\/capacitacion\/index.php\/materiales-de-descarga\/","title":{"rendered":"Materiales de descarga"},"content":{"rendered":"\n<p>&#8211;<\/p>\n\n\n\n<p><\/p>\n\n\n\n<p><\/p>\n\n\n\n<p>En esta secci\u00f3n encontrar\u00e1s los <strong>materiales correspondientes a las capacitaciones<\/strong> realizadas desde el <strong>Ministerio de Salud de Entre R\u00edos<\/strong>. Asimismo, ser\u00e1n nucleados aqu\u00ed los <strong>materiales de formaci\u00f3n<\/strong> que puedan resultar de aporte al campo de la salud p\u00fablica y que no formen parte -directamente- de la <strong>oferta acad\u00e9mica del Ministerio<\/strong>. Todos los materiales aqu\u00ed presente, son previamente supervisados por equipos interdisciplinarios de referencia.<\/p>\n\n\n            <div id=\"post-grid-lazy-155\" class=\"post-grid-lazy\"><img alt=\"\" src=\"\"\/><\/div>\r\n        <script>\r\n            jQuery('#post-grid-lazy-155').ready(function($){\r\n                $('#post-grid-lazy-155').fadeOut();\r\n                $('#post-grid-155').fadeIn();\r\n            })\r\n        <\/script>\r\n        <style type=\"text\/css\">\r\n            #post-grid-155{display: none;}\r\n            .post-grid-lazy{\r\n                text-align: center;\r\n            }\r\n        <\/style>\r\n            <div data-options='{\"id\":\"155\",\"lazy_load\":\"yes\",\"masonry_enable\":\"yes\",\"view_type\":\"grid\"}' id=\"post-grid-155\" class=\"post-grid grid\">\r\n                <div class=\"grid-items\">\r\n            \r\n    <div class=\"item item-1745 skin flat even 0 \">\r\n                <div class=\"layer-wrapper layout-\">\r\n                <div class=\"layer-media\"><a href=\"http:\/\/190.57.232.171\/capacitacion\/index.php\/enfermedades-cronicas-no-transmisibles-boletin-n-6\/\"><img alt=\"\" src=\"http:\/\/190.57.232.171\/capacitacion\/wp-content\/uploads\/2023\/11\/ECNT-Hipertension-Arterial.png\" \/><\/a><\/div>\r\n        <div class=\"layer-content\">\r\n            <div class=\"element element_0  title_link \">\r\n                    <a target=\"\" href=\"http:\/\/190.57.232.171\/capacitacion\/index.php\/enfermedades-cronicas-no-transmisibles-boletin-n-6\/\">Enfermedades Cr\u00f3nicas No Transmisibles -Bolet\u00edn N\u00b0 6-<\/a>\r\n\t\t    <\/div>\r\n        <div class=\"element element_1  excerpt \">\r\n        El material aqu\u00ed publicado corresponde al Sexto Bolet\u00edn Abordaje Integral de las ECNT y Factores de Riesgo (diciembre 2023). Se            <\/div>\r\n                <a class=\"element element_2  read_more \" target=\"\" href=\"http:\/\/190.57.232.171\/capacitacion\/index.php\/enfermedades-cronicas-no-transmisibles-boletin-n-6\/\"><\/a>\r\n\t\r\n        <\/div>\r\n            <\/div>\r\n    <\/div>\r\n    \r\n    <div class=\"item item-1738 skin flat odd 1 \">\r\n                <div class=\"layer-wrapper layout-\">\r\n                <div class=\"layer-media\"><a href=\"http:\/\/190.57.232.171\/capacitacion\/index.php\/curso-de-formacion-de-agentes-sanitarios-2023-encuentro-n-14\/\"><img alt=\"\" src=\"http:\/\/190.57.232.171\/capacitacion\/wp-content\/uploads\/2023\/11\/Acompanar-a-los-que-cuidan-29.png\" \/><\/a><\/div>\r\n        <div class=\"layer-content\">\r\n            <div class=\"element element_0  title_link \">\r\n                    <a target=\"\" href=\"http:\/\/190.57.232.171\/capacitacion\/index.php\/curso-de-formacion-de-agentes-sanitarios-2023-encuentro-n-14\/\">CURSO DE FORMACI\u00d3N DE AGENTES SANITARIOS 2023 ENCUENTRO N\u00b0 14<\/a>\r\n\t\t    <\/div>\r\n        <div class=\"element element_1  excerpt \">\r\n        Materiales correspondiente al encuentro n\u00famero catorce del Curso de Formaci\u00f3n de Agentes Sanitarios\u00a0realizado en la Ciudad de Paran\u00e1 el d\u00eda            <\/div>\r\n                <a class=\"element element_2  read_more \" target=\"\" href=\"http:\/\/190.57.232.171\/capacitacion\/index.php\/curso-de-formacion-de-agentes-sanitarios-2023-encuentro-n-14\/\"><\/a>\r\n\t\r\n        <\/div>\r\n            <\/div>\r\n    <\/div>\r\n    \r\n    <div class=\"item item-1724 skin flat even 2 \">\r\n                <div class=\"layer-wrapper layout-\">\r\n                <div class=\"layer-media\"><a href=\"http:\/\/190.57.232.171\/capacitacion\/index.php\/curso-de-formacion-de-agentes-sanitarios-2023-encuentro-n-13\/\"><img alt=\"\" src=\"http:\/\/190.57.232.171\/capacitacion\/wp-content\/uploads\/2023\/10\/Acompanar-a-los-que-cuidan-28.png\" \/><\/a><\/div>\r\n        <div class=\"layer-content\">\r\n            <div class=\"element element_0  title_link \">\r\n                    <a target=\"\" href=\"http:\/\/190.57.232.171\/capacitacion\/index.php\/curso-de-formacion-de-agentes-sanitarios-2023-encuentro-n-13\/\">CURSO DE FORMACI\u00d3N DE AGENTES SANITARIOS 2023 ENCUENTRO N\u00b0 13<\/a>\r\n\t\t    <\/div>\r\n        <div class=\"element element_1  excerpt \">\r\n        Materiales correspondiente al encuentro n\u00famero trece del Curso de Formaci\u00f3n de Agentes Sanitarios\u00a0realizado en la Ciudad de Paran\u00e1 el d\u00eda            <\/div>\r\n                <a class=\"element element_2  read_more \" target=\"\" href=\"http:\/\/190.57.232.171\/capacitacion\/index.php\/curso-de-formacion-de-agentes-sanitarios-2023-encuentro-n-13\/\"><\/a>\r\n\t\r\n        <\/div>\r\n            <\/div>\r\n    <\/div>\r\n    \r\n    <div class=\"item item-1715 skin flat odd 3 \">\r\n                <div class=\"layer-wrapper layout-\">\r\n                <div class=\"layer-media\"><a href=\"http:\/\/190.57.232.171\/capacitacion\/index.php\/accesibilidad-y-calidad-en-los-servicios-de-salud-2\/\"><img alt=\"\" src=\"http:\/\/190.57.232.171\/capacitacion\/wp-content\/uploads\/2023\/10\/Acompanar-a-los-que-cuidan-27.png\" \/><\/a><\/div>\r\n        <div class=\"layer-content\">\r\n            <div class=\"element element_0  title_link \">\r\n                    <a target=\"\" href=\"http:\/\/190.57.232.171\/capacitacion\/index.php\/accesibilidad-y-calidad-en-los-servicios-de-salud-2\/\">Accesibilidad y calidad en los servicios de salud<\/a>\r\n\t\t    <\/div>\r\n        <div class=\"element element_1  excerpt \">\r\n        Material correspondiente a la presentaci\u00f3n realizada el d\u00eda jueves 5 de octubre en el marco del ciclo de capacitaci\u00f3n Resoluci\u00f3n            <\/div>\r\n                <a class=\"element element_2  read_more \" target=\"\" href=\"http:\/\/190.57.232.171\/capacitacion\/index.php\/accesibilidad-y-calidad-en-los-servicios-de-salud-2\/\"><\/a>\r\n\t\r\n        <\/div>\r\n            <\/div>\r\n    <\/div>\r\n    \r\n    <div class=\"item item-1708 skin flat even 4 \">\r\n                <div class=\"layer-wrapper layout-\">\r\n                <div class=\"layer-media\"><a href=\"http:\/\/190.57.232.171\/capacitacion\/index.php\/accesibilidad-y-calidad-en-los-servicios-de-salud\/\"><img alt=\"\" src=\"http:\/\/190.57.232.171\/capacitacion\/wp-content\/uploads\/2023\/10\/Acompanar-a-los-que-cuidan-26.png\" \/><\/a><\/div>\r\n        <div class=\"layer-content\">\r\n            <div class=\"element element_0  title_link \">\r\n                    <a target=\"\" href=\"http:\/\/190.57.232.171\/capacitacion\/index.php\/accesibilidad-y-calidad-en-los-servicios-de-salud\/\">Accesibilidad y calidad en los servicios de salud<\/a>\r\n\t\t    <\/div>\r\n        <div class=\"element element_1  excerpt \">\r\n        Material correspondiente a la presentaci\u00f3n realizada el d\u00eda mi\u00e9rcoles 20 de septiembre por la Dra. Carina Mu\u00f1oz Directora General de            <\/div>\r\n                <a class=\"element element_2  read_more \" target=\"\" href=\"http:\/\/190.57.232.171\/capacitacion\/index.php\/accesibilidad-y-calidad-en-los-servicios-de-salud\/\"><\/a>\r\n\t\r\n        <\/div>\r\n            <\/div>\r\n    <\/div>\r\n    \r\n    <div class=\"item item-1693 skin flat odd 5 \">\r\n                <div class=\"layer-wrapper layout-\">\r\n                <div class=\"layer-media\"><a href=\"http:\/\/190.57.232.171\/capacitacion\/index.php\/ciclo-de-charlas-sobre-etica-en-salud\/\"><img alt=\"\" src=\"http:\/\/190.57.232.171\/capacitacion\/wp-content\/uploads\/2023\/10\/Acompanar-a-los-que-cuidan-25.png\" \/><\/a><\/div>\r\n        <div class=\"layer-content\">\r\n            <div class=\"element element_0  title_link \">\r\n                    <a target=\"\" href=\"http:\/\/190.57.232.171\/capacitacion\/index.php\/ciclo-de-charlas-sobre-etica-en-salud\/\">CICLO DE CHARLAS SOBRE \u00c9TICA EN SALUD<\/a>\r\n\t\t    <\/div>\r\n        <div class=\"element element_1  excerpt \">\r\n        El material aqu\u00ed compartido correspode a los encuentros realizados en el marco del ciclo de charlas sobre\u00a0\u00e9tica en salud\u00a0realizado durante            <\/div>\r\n                <a class=\"element element_2  read_more \" target=\"\" href=\"http:\/\/190.57.232.171\/capacitacion\/index.php\/ciclo-de-charlas-sobre-etica-en-salud\/\"><\/a>\r\n\t\r\n        <\/div>\r\n            <\/div>\r\n    <\/div>\r\n    \r\n    <div class=\"item item-1697 skin flat even 6 \">\r\n                <div class=\"layer-wrapper layout-\">\r\n                <div class=\"layer-media\"><a href=\"http:\/\/190.57.232.171\/capacitacion\/index.php\/curso-de-formacion-de-agentes-sanitarios-2023-doceavo-encuentro\/\"><img alt=\"\" src=\"http:\/\/190.57.232.171\/capacitacion\/wp-content\/uploads\/2023\/10\/Acompanar-a-los-que-cuidan-24.png\" \/><\/a><\/div>\r\n        <div class=\"layer-content\">\r\n            <div class=\"element element_0  title_link \">\r\n                    <a target=\"\" href=\"http:\/\/190.57.232.171\/capacitacion\/index.php\/curso-de-formacion-de-agentes-sanitarios-2023-doceavo-encuentro\/\">CURSO DE FORMACI\u00d3N DE AGENTES SANITARIOS 2023 ENCUENTRO N\u00b0 12<\/a>\r\n\t\t    <\/div>\r\n        <div class=\"element element_1  excerpt \">\r\n        Materiales correspondiente al encuentro n\u00famero 12\u00a0 del Curso de Formaci\u00f3n de Agentes Sanitarios\u00a0realizado en la Ciudad de Paran\u00e1 el d\u00eda            <\/div>\r\n                <a class=\"element element_2  read_more \" target=\"\" href=\"http:\/\/190.57.232.171\/capacitacion\/index.php\/curso-de-formacion-de-agentes-sanitarios-2023-doceavo-encuentro\/\"><\/a>\r\n\t\r\n        <\/div>\r\n            <\/div>\r\n    <\/div>\r\n    \r\n    <div class=\"item item-1686 skin flat odd 7 \">\r\n                <div class=\"layer-wrapper layout-\">\r\n                <div class=\"layer-media\"><a class=\"custom\" href=\"http:\/\/190.57.232.171\/capacitacion\/index.php\/curso-de-formacion-de-agentes-sanitarios-2023-onceavo-encuentro\/\"><img src=\"http:\/\/190.57.232.171\/capacitacion\/wp-content\/plugins\/post-grid\/assets\/frontend\/images\/placeholder.png\" \/><\/a><\/div>\r\n        <div class=\"layer-content\">\r\n            <div class=\"element element_0  title_link \">\r\n                    <a target=\"\" href=\"http:\/\/190.57.232.171\/capacitacion\/index.php\/curso-de-formacion-de-agentes-sanitarios-2023-onceavo-encuentro\/\">CURSO DE FORMACI\u00d3N DE AGENTES SANITARIOS 2023 ENCUENTRO N\u00b0 11<\/a>\r\n\t\t    <\/div>\r\n        <div class=\"element element_1  excerpt \">\r\n        Materiales correspondiente al encuentro n\u00famero 11 del Curso de Formaci\u00f3n de Agentes Sanitarios\u00a0realizado en la Ciudad de Paran\u00e1 el d\u00eda            <\/div>\r\n                <a class=\"element element_2  read_more \" target=\"\" href=\"http:\/\/190.57.232.171\/capacitacion\/index.php\/curso-de-formacion-de-agentes-sanitarios-2023-onceavo-encuentro\/\"><\/a>\r\n\t\r\n        <\/div>\r\n            <\/div>\r\n    <\/div>\r\n    \r\n    <div class=\"item item-1670 skin flat even 8 \">\r\n                <div class=\"layer-wrapper layout-\">\r\n                <div class=\"layer-media\"><a href=\"http:\/\/190.57.232.171\/capacitacion\/index.php\/curso-de-formacion-de-agentes-sanitarios-2023-decimo-encuentro\/\"><img alt=\"\" src=\"http:\/\/190.57.232.171\/capacitacion\/wp-content\/uploads\/2023\/09\/Acompanar-a-los-que-cuidan-22.png\" \/><\/a><\/div>\r\n        <div class=\"layer-content\">\r\n            <div class=\"element element_0  title_link \">\r\n                    <a target=\"\" href=\"http:\/\/190.57.232.171\/capacitacion\/index.php\/curso-de-formacion-de-agentes-sanitarios-2023-decimo-encuentro\/\">CURSO DE FORMACI\u00d3N DE AGENTES SANITARIOS 2023 ENCUENTRO N\u00b0 10<\/a>\r\n\t\t    <\/div>\r\n        <div class=\"element element_1  excerpt \">\r\n        Materiales correspondiente al encuentro n\u00famero 10 del Curso de Formaci\u00f3n de Agentes Sanitarios\u00a0realizado en la Ciudad de Paran\u00e1 el d\u00eda            <\/div>\r\n                <a class=\"element element_2  read_more \" target=\"\" href=\"http:\/\/190.57.232.171\/capacitacion\/index.php\/curso-de-formacion-de-agentes-sanitarios-2023-decimo-encuentro\/\"><\/a>\r\n\t\r\n        <\/div>\r\n            <\/div>\r\n    <\/div>\r\n    \r\n    <div class=\"item item-1666 skin flat odd 9 \">\r\n                <div class=\"layer-wrapper layout-\">\r\n                <div class=\"layer-media\"><a href=\"http:\/\/190.57.232.171\/capacitacion\/index.php\/programa-remediar-accesibilidad-a-la-salud\/\"><img alt=\"\" src=\"http:\/\/190.57.232.171\/capacitacion\/wp-content\/uploads\/2023\/09\/Acompanar-a-los-que-cuidan-5.png\" \/><\/a><\/div>\r\n        <div class=\"layer-content\">\r\n            <div class=\"element element_0  title_link \">\r\n                    <a target=\"\" href=\"http:\/\/190.57.232.171\/capacitacion\/index.php\/programa-remediar-accesibilidad-a-la-salud\/\">PROGRAMA REMEDIAR + ACCESIBILIDAD A LA SALUD<\/a>\r\n\t\t    <\/div>\r\n        <div class=\"element element_1  excerpt \">\r\n        Material correspondiente a la presentaci\u00f3n realizada el d\u00eda mi\u00e9rcoles 6 de septiembre por el Farmace\u00fatico Emanuel Milesi en relaci\u00f3n al            <\/div>\r\n                <a class=\"element element_2  read_more \" target=\"\" href=\"http:\/\/190.57.232.171\/capacitacion\/index.php\/programa-remediar-accesibilidad-a-la-salud\/\"><\/a>\r\n\t\r\n        <\/div>\r\n            <\/div>\r\n    <\/div>\r\n            <\/div>\r\n            <div class=\"pagination\">\r\n            <div class=\"paginate\">\r\n        <span aria-current=\"page\" class=\"page-numbers current\">1<\/span>\n<a class=\"page-numbers\" href=\"http:\/\/190.57.232.171\/capacitacion\/index.php\/wp-json\/wp\/v2\/pages\/75\/page\/2\/\">2<\/a>\n<a class=\"page-numbers\" href=\"http:\/\/190.57.232.171\/capacitacion\/index.php\/wp-json\/wp\/v2\/pages\/75\/page\/3\/\">3<\/a>\n<span class=\"page-numbers dots\">&hellip;<\/span>\n<a class=\"page-numbers\" href=\"http:\/\/190.57.232.171\/capacitacion\/index.php\/wp-json\/wp\/v2\/pages\/75\/page\/8\/\">8<\/a>\n<a class=\"next page-numbers\" href=\"http:\/\/190.57.232.171\/capacitacion\/index.php\/wp-json\/wp\/v2\/pages\/75\/page\/2\/\">Next \u00bb<\/a>    <\/div>\r\n    <style type=\"text\/css\">\r\n        #post-grid-155 .pagination .page-numbers{\r\n            font-size:16px;\r\n            color:#fff;\r\n            background:#646464;\r\n        }\r\n        #post-grid-155 .pagination .page-numbers:hover,\r\n        #post-grid-155 .pagination .page-numbers.current{\r\n            background:#4b4b4b;\r\n        }\r\n    <\/style>\r\n        <\/div>\r\n        <style type=\"text\/css\">\r\n                        #post-grid-155 .element_0{display: block;font-size: 21px;line-height: normal;padding: 5px 10px;text-align: left; text-decoration: none;}\r\n                                #post-grid-155 .element_1{display: block;font-size: 14px;padding: 5px 10px;text-align: left;}\r\n                                #post-grid-155 .element_2{display: block;font-size: 12px;font-weight: bold;padding: 0 10px;text-align: left;text-decoration: none;}\r\n                #post-grid-155 .element_0:hover{}#post-grid-155 .element_1:hover{}#post-grid-155 .element_2:hover{}    <\/style>\r\n    \r\n            \r\n        <script>\r\n                    jQuery('#post-grid-lazy-155').ready(function($){\r\n                var $container = $('#post-grid-155 .grid-items');\r\n                $container.masonry({\r\n                    itemSelector: '.item',\r\n                    columnWidth: '.item', \/\/as you wish , you can use numeric\r\n                    isAnimated: true,\r\n                    isFitWidth: true,\r\n                    horizontalOrder: true,\r\n                });\r\n                $container.imagesLoaded().done( function() {\r\n                    $container.masonry('layout');\r\n                });\r\n            })\r\n            <\/script>\r\n        <style type=\"text\/css\">\r\n        #post-grid-155 {\r\n                    padding:10px;\r\n                                        }\r\n        #post-grid-155 .grid-items{\r\n                    text-align: center;\r\n                }\r\n        #post-grid-155 .item{\r\n                    margin:10px;\r\n                            padding:0px;\r\n                            background:#fff;\r\n                }\r\n        #post-grid-155  .item .layer-media{\r\n            height:auto;        }\r\n        @media only screen and ( min-width: 0px ) and ( max-width: 767px ) {\r\n\r\n            #post-grid-155 .grid-items{\r\n                        }\r\n\r\n\r\n            #post-grid-155 .item{\r\n                            width:90%;\r\n                        height:auto;            }\r\n        }\r\n        @media only screen and ( min-width: 768px ) and ( max-width: 1023px ) {\r\n            #post-grid-155 .grid-items{\r\n                        }\r\n\r\n            #post-grid-155 .item{\r\n                            width:280px;\r\n                        max-height:auto;            }\r\n        }\r\n        @media only screen and (min-width: 1024px ){\r\n\r\n            #post-grid-155 .grid-items{\r\n                        }\r\n\r\n\r\n            #post-grid-155 .item{\r\n                            width:280px;\r\n                        height:auto;            }\r\n        }\r\n\r\n        \r\n\r\n    <\/style>\r\n        <\/div>\r\n    \n\n\n\n<p><\/p>\n\n\n\n<p><\/p>\n","protected":false},"excerpt":{"rendered":"<p>&#8211; En esta secci\u00f3n encontrar\u00e1s los materiales correspondientes a las capacitaciones realizadas desde el Ministerio de Salud de Entre R\u00edos. Asimismo, ser\u00e1n nucleados aqu\u00ed los&hellip;<\/p>\n","protected":false},"author":1,"featured_media":640,"parent":0,"menu_order":0,"comment_status":"closed","ping_status":"closed","template":"","meta":[],"_links":{"self":[{"href":"http:\/\/190.57.232.171\/capacitacion\/index.php\/wp-json\/wp\/v2\/pages\/75"}],"collection":[{"href":"http:\/\/190.57.232.171\/capacitacion\/index.php\/wp-json\/wp\/v2\/pages"}],"about":[{"href":"http:\/\/190.57.232.171\/capacitacion\/index.php\/wp-json\/wp\/v2\/types\/page"}],"author":[{"embeddable":true,"href":"http:\/\/190.57.232.171\/capacitacion\/index.php\/wp-json\/wp\/v2\/users\/1"}],"replies":[{"embeddable":true,"href":"http:\/\/190.57.232.171\/capacitacion\/index.php\/wp-json\/wp\/v2\/comments?post=75"}],"version-history":[{"count":4,"href":"http:\/\/190.57.232.171\/capacitacion\/index.php\/wp-json\/wp\/v2\/pages\/75\/revisions"}],"predecessor-version":[{"id":680,"href":"http:\/\/190.57.232.171\/capacitacion\/index.php\/wp-json\/wp\/v2\/pages\/75\/revisions\/680"}],"wp:featuredmedia":[{"embeddable":true,"href":"http:\/\/190.57.232.171\/capacitacion\/index.php\/wp-json\/wp\/v2\/media\/640"}],"wp:attachment":[{"href":"http:\/\/190.57.232.171\/capacitacion\/index.php\/wp-json\/wp\/v2\/media?parent=75"}],"curies":[{"name":"wp","href":"https:\/\/api.w.org\/{rel}","templated":true}]}}