{"id":471,"date":"2021-08-13T15:01:04","date_gmt":"2021-08-13T15:01:04","guid":{"rendered":"http:\/\/190.57.232.171\/capacitacion\/?page_id=471"},"modified":"2021-08-24T16:59:45","modified_gmt":"2021-08-24T16:59:45","slug":"micaela","status":"publish","type":"page","link":"http:\/\/190.57.232.171\/capacitacion\/index.php\/micaela\/","title":{"rendered":"Capacitaci\u00f3n obligatoria y permanente LEY MICAELA"},"content":{"rendered":"\n<p>&#8211;<\/p>\n\n\n\n<p><\/p>\n\n\n<p>LEY MICAELA 27.499, Ley de <strong>capacitaci\u00f3n obligatoria en perspectiva de g\u00e9nero<\/strong> para todas las personas que integran los tres poderes del Estado. Aqu\u00ed encontrar\u00e1 los materiales correspondientes a las instancias de capacitaci\u00f3n acerca de la ley 27.499 llevadas adelantes desde el Ministerio de Salud de Entre R\u00edos. Los materiales se encuentran organizados por m\u00f3dulos y pueden ser descargados.<\/p>\n<p>\u00a0<\/p>\n\n            <div id=\"post-grid-lazy-641\" class=\"post-grid-lazy\"><img alt=\"\" src=\"\"\/><\/div>\r\n        <script>\r\n            jQuery('#post-grid-lazy-641').ready(function($){\r\n                $('#post-grid-lazy-641').fadeOut();\r\n                $('#post-grid-641').fadeIn();\r\n            })\r\n        <\/script>\r\n        <style type=\"text\/css\">\r\n            #post-grid-641{display: none;}\r\n            .post-grid-lazy{\r\n                text-align: center;\r\n            }\r\n        <\/style>\r\n            <div data-options='{\"id\":\"641\",\"lazy_load\":\"yes\",\"masonry_enable\":\"yes\",\"view_type\":\"grid\"}' id=\"post-grid-641\" class=\"post-grid grid\">\r\n            <div class=\"post-grid-search\">\r\n        <form grid_id=\"641\" action=\"http:\/\/190.57.232.171\/capacitacion\/index.php\/micaela\/\" method=\"get\">\r\n                <div class=\"field-wrap field-wrap-keyword\">\r\n\r\n        <span class=\"search-icon\"><i class=\"fas fa-search\"><\/i><\/span>\r\n        <input grid_id=\"641\" title=\"Press enter to reset\" class=\"search\" type=\"text\" name=\"keyword\" placeholder=\"Tipear\" value=\"\">\r\n\r\n    <\/div>\r\n\r\n\r\n        <div class=\"field-wrap field-wrap-submit\">\r\n\r\n        <input type=\"hidden\" id=\"_wpnonce\" name=\"_wpnonce\" value=\"b81d5207f6\" \/>\r\n        <input type=\"submit\" value=\"Search\">\r\n        <span class=\"search-loading\"><i class=\"fas fa-spinner fa-spin\"><\/i><\/span>\r\n\r\n    <\/div>\r\n\r\n\r\n    \r\n        <\/form>\r\n\r\n    <\/div>\r\n\r\n            <div class=\"grid-items\">\r\n            \r\n    <div class=\"item item-619 skin flat even 0 \">\r\n                <div class=\"layer-wrapper layout-644\">\r\n                <div class=\"layer-media element_1587187627902\" id=\"\">\r\n        <div class=\"element element_1587190790308  element-media \">\r\n        <a target=\"_self\" href=\"http:\/\/190.57.232.171\/capacitacion\/index.php\/619\/\"><img width=\"843\" height=\"474\" src=\"http:\/\/190.57.232.171\/capacitacion\/wp-content\/uploads\/2021\/08\/Power-Ley-Micaela.jpg\" class=\"attachment-large size-large wp-post-image\" alt=\"\" loading=\"lazy\" \/><\/a>\r\n\r\n    <\/div>\r\n        <\/div>\r\n        <div class=\"layer-content element_1587187714568\" id=\"\">\r\n        <div class=\"element element_1587187895341  title \">\r\n                    <a target=\"_blank\" href=\"http:\/\/190.57.232.171\/capacitacion\/index.php\/619\/\">Dossier M\u00f3dulo I Capacitaci\u00f3n Ley Micaela - Ministerio de Salud de Entre R\u00edos<\/a>\r\n\r\n\t\t\r\n\r\n    <\/div>\r\n        <div class=\"element element_1587187729822  excerpt \">\r\n        En este espacio encontrar\u00e1s el material bibliogr\u00e1fico y audiovisual correspondiente al m\u00f3dulo I que fue trabajado en el marco de                    <a target=\"_self\" href=\"http:\/\/190.57.232.171\/capacitacion\/index.php\/619\/\">Read more<\/a>\r\n            <\/div>\r\n        <\/div>\r\n            <\/div>\r\n    <\/div>\r\n    \r\n    <div class=\"item item-659 skin flat odd 1 \">\r\n                <div class=\"layer-wrapper layout-644\">\r\n                <div class=\"layer-media element_1587187627902\" id=\"\">\r\n        <div class=\"element element_1587190790308  element-media \">\r\n        <a target=\"_self\" href=\"http:\/\/190.57.232.171\/capacitacion\/index.php\/dossier-modulo-ii-capacitacion-ley-micaela-ministerio-de-salud-de-entre-rios\/\"><img width=\"843\" height=\"474\" src=\"http:\/\/190.57.232.171\/capacitacion\/wp-content\/uploads\/2021\/08\/Power-Ley-Micaela-3.jpg\" class=\"attachment-large size-large wp-post-image\" alt=\"\" loading=\"lazy\" \/><\/a>\r\n\r\n    <\/div>\r\n        <\/div>\r\n        <div class=\"layer-content element_1587187714568\" id=\"\">\r\n        <div class=\"element element_1587187895341  title \">\r\n                    <a target=\"_blank\" href=\"http:\/\/190.57.232.171\/capacitacion\/index.php\/dossier-modulo-ii-capacitacion-ley-micaela-ministerio-de-salud-de-entre-rios\/\">Dossier M\u00f3dulo II Capacitaci\u00f3n Ley Micaela \u2013 Ministerio de Salud de Entre R\u00edos<\/a>\r\n\r\n\t\t\r\n\r\n    <\/div>\r\n        <div class=\"element element_1587187729822  excerpt \">\r\n        En este espacio encontrar\u00e1s el material bibliogr\u00e1fico y audiovisual correspondiente al m\u00f3dulo II que fue trabajado en el marco de                    <a target=\"_self\" href=\"http:\/\/190.57.232.171\/capacitacion\/index.php\/dossier-modulo-ii-capacitacion-ley-micaela-ministerio-de-salud-de-entre-rios\/\">Read more<\/a>\r\n            <\/div>\r\n        <\/div>\r\n            <\/div>\r\n    <\/div>\r\n    \r\n    <div class=\"item item-699 skin flat even 2 \">\r\n                <div class=\"layer-wrapper layout-644\">\r\n                <div class=\"layer-media element_1587187627902\" id=\"\">\r\n        <div class=\"element element_1587190790308  element-media \">\r\n        <a target=\"_self\" href=\"http:\/\/190.57.232.171\/capacitacion\/index.php\/dossier-modulo-iii-capacitacion-ley-micaela-ministerio-de-salud-de-entre-rios\/\"><img width=\"843\" height=\"474\" src=\"http:\/\/190.57.232.171\/capacitacion\/wp-content\/uploads\/2021\/09\/Ley-Micaela-Modulo-III-Violencia-ed-Genero.jpg\" class=\"attachment-large size-large wp-post-image\" alt=\"\" loading=\"lazy\" \/><\/a>\r\n\r\n    <\/div>\r\n        <\/div>\r\n        <div class=\"layer-content element_1587187714568\" id=\"\">\r\n        <div class=\"element element_1587187895341  title \">\r\n                    <a target=\"_blank\" href=\"http:\/\/190.57.232.171\/capacitacion\/index.php\/dossier-modulo-iii-capacitacion-ley-micaela-ministerio-de-salud-de-entre-rios\/\">Dossier M\u00f3dulo III Capacitaci\u00f3n Ley Micaela \u2013 Ministerio de Salud de Entre R\u00edos<\/a>\r\n\r\n\t\t\r\n\r\n    <\/div>\r\n        <div class=\"element element_1587187729822  excerpt \">\r\n        En este espacio encontrar\u00e1s el material bibliogr\u00e1fico y audiovisual correspondiente al m\u00f3dulo III que fue trabajado en el marco de                    <a target=\"_self\" href=\"http:\/\/190.57.232.171\/capacitacion\/index.php\/dossier-modulo-iii-capacitacion-ley-micaela-ministerio-de-salud-de-entre-rios\/\">Read more<\/a>\r\n            <\/div>\r\n        <\/div>\r\n            <\/div>\r\n    <\/div>\r\n    \r\n    <div class=\"item item-702 skin flat odd 3 \">\r\n                <div class=\"layer-wrapper layout-644\">\r\n                <div class=\"layer-media element_1587187627902\" id=\"\">\r\n        <div class=\"element element_1587190790308  element-media \">\r\n        <a target=\"_self\" href=\"http:\/\/190.57.232.171\/capacitacion\/index.php\/presentacion-modulo-iv-capacitacion-ley-micaela-ministerio-de-salud-de-entre-rios\/\"><img width=\"843\" height=\"474\" src=\"http:\/\/190.57.232.171\/capacitacion\/wp-content\/uploads\/2021\/09\/Modulo-IV-Ley-Micaela.jpg\" class=\"attachment-large size-large wp-post-image\" alt=\"\" loading=\"lazy\" \/><\/a>\r\n\r\n    <\/div>\r\n        <\/div>\r\n        <div class=\"layer-content element_1587187714568\" id=\"\">\r\n        <div class=\"element element_1587187895341  title \">\r\n                    <a target=\"_blank\" href=\"http:\/\/190.57.232.171\/capacitacion\/index.php\/presentacion-modulo-iv-capacitacion-ley-micaela-ministerio-de-salud-de-entre-rios\/\">Presentaci\u00f3n M\u00f3dulo IV Capacitaci\u00f3n Ley Micaela \u2013 Ministerio de Salud de Entre R\u00edos<\/a>\r\n\r\n\t\t\r\n\r\n    <\/div>\r\n        <div class=\"element element_1587187729822  excerpt \">\r\n        En este espacio encontrar\u00e1s el material bibliogr\u00e1fico y audiovisual correspondiente al m\u00f3dulo IV que fue trabajado en el marco de                    <a target=\"_self\" href=\"http:\/\/190.57.232.171\/capacitacion\/index.php\/presentacion-modulo-iv-capacitacion-ley-micaela-ministerio-de-salud-de-entre-rios\/\">Read more<\/a>\r\n            <\/div>\r\n        <\/div>\r\n            <\/div>\r\n    <\/div>\r\n    \r\n    <div class=\"item item-727 skin flat even 4 \">\r\n                <div class=\"layer-wrapper layout-644\">\r\n                <div class=\"layer-media element_1587187627902\" id=\"\">\r\n        <div class=\"element element_1587190790308  element-media \">\r\n        <a target=\"_self\" href=\"http:\/\/190.57.232.171\/capacitacion\/index.php\/normativa-vigente\/\"><img width=\"843\" height=\"474\" src=\"http:\/\/190.57.232.171\/capacitacion\/wp-content\/uploads\/2021\/09\/Normas-vigentes.jpg\" class=\"attachment-large size-large wp-post-image\" alt=\"\" loading=\"lazy\" \/><\/a>\r\n\r\n    <\/div>\r\n        <\/div>\r\n        <div class=\"layer-content element_1587187714568\" id=\"\">\r\n        <div class=\"element element_1587187895341  title \">\r\n                    <a target=\"_blank\" href=\"http:\/\/190.57.232.171\/capacitacion\/index.php\/normativa-vigente\/\">Normativa vigente<\/a>\r\n\r\n\t\t\r\n\r\n    <\/div>\r\n        <div class=\"element element_1587187729822  excerpt \">\r\n        En este espacio encontrar\u00e1s los documentos correspondientes a normativas vigentes enmarcadas en la perspectiva de g\u00e9nero que fueron trabajadas en                    <a target=\"_self\" href=\"http:\/\/190.57.232.171\/capacitacion\/index.php\/normativa-vigente\/\">Read more<\/a>\r\n            <\/div>\r\n        <\/div>\r\n            <\/div>\r\n    <\/div>\r\n    \r\n    <div class=\"item item-888 skin flat odd 5 \">\r\n                <div class=\"layer-wrapper layout-644\">\r\n                <div class=\"layer-media element_1587187627902\" id=\"\">\r\n        <div class=\"element element_1587190790308  element-media \">\r\n        <a target=\"_self\" href=\"http:\/\/190.57.232.171\/capacitacion\/index.php\/888\/\"><img width=\"843\" height=\"474\" src=\"http:\/\/190.57.232.171\/capacitacion\/wp-content\/uploads\/2021\/09\/Modificaciones-Sandra-Y-ferPower-Ley-Micaela-1.jpg\" class=\"attachment-large size-large wp-post-image\" alt=\"\" loading=\"lazy\" \/><\/a>\r\n\r\n    <\/div>\r\n        <\/div>\r\n        <div class=\"layer-content element_1587187714568\" id=\"\">\r\n        <div class=\"element element_1587187895341  title \">\r\n                    <a target=\"_blank\" href=\"http:\/\/190.57.232.171\/capacitacion\/index.php\/888\/\">S\u00edntesis m\u00f3dulos I, II, III y IV capaciotaciones Ley Micaela<\/a>\r\n\r\n\t\t\r\n\r\n    <\/div>\r\n        <div class=\"element element_1587187729822  excerpt \">\r\n        Material de s\u00edntesis que re\u00fane lo trabajado durante los encuentros correspondientes a las Capacitaciones por la Ley Micaela llevadas adelante                    <a target=\"_self\" href=\"http:\/\/190.57.232.171\/capacitacion\/index.php\/888\/\">Read more<\/a>\r\n            <\/div>\r\n        <\/div>\r\n            <\/div>\r\n    <\/div>\r\n    \r\n    <div class=\"item item-1067 skin flat even 6 \">\r\n                <div class=\"layer-wrapper layout-644\">\r\n                <div class=\"layer-media element_1587187627902\" id=\"\">\r\n        <div class=\"element element_1587190790308  element-media \">\r\n        <a target=\"_self\" href=\"http:\/\/190.57.232.171\/capacitacion\/index.php\/proyecto-capacitacion-ley-micaela-ministerio-de-salud-de-entre-rios\/\"><img width=\"724\" height=\"1024\" src=\"http:\/\/190.57.232.171\/capacitacion\/wp-content\/uploads\/2021\/11\/Tapa-Dossier-Ley-Micaela-2.jpg\" class=\"attachment-large size-large wp-post-image\" alt=\"\" loading=\"lazy\" \/><\/a>\r\n\r\n    <\/div>\r\n        <\/div>\r\n        <div class=\"layer-content element_1587187714568\" id=\"\">\r\n        <div class=\"element element_1587187895341  title \">\r\n                    <a target=\"_blank\" href=\"http:\/\/190.57.232.171\/capacitacion\/index.php\/proyecto-capacitacion-ley-micaela-ministerio-de-salud-de-entre-rios\/\">Proyecto capacitaci\u00f3n Ley Micaela Ministerio de Salud de Entre R\u00edos<\/a>\r\n\r\n\t\t\r\n\r\n    <\/div>\r\n        <div class=\"element element_1587187729822  excerpt \">\r\n        Documento correspondiente a la planificaci\u00f3n realizada para llevar adelante las capacitaciones obligatorias Ley Micaela (27.499) en todos los niveles pertenecientes                    <a target=\"_self\" href=\"http:\/\/190.57.232.171\/capacitacion\/index.php\/proyecto-capacitacion-ley-micaela-ministerio-de-salud-de-entre-rios\/\">Read more<\/a>\r\n            <\/div>\r\n        <\/div>\r\n            <\/div>\r\n    <\/div>\r\n    \r\n    <div class=\"item item-1224 skin flat odd 7 \">\r\n                <div class=\"layer-wrapper layout-644\">\r\n                <div class=\"layer-media element_1587187627902\" id=\"\">\r\n        <div class=\"element element_1587190790308  element-media \">\r\n        <a target=\"_self\" href=\"http:\/\/190.57.232.171\/capacitacion\/index.php\/listado-de-videos-utilizados-en-la-capacitacion-ley-micaela\/\"><img width=\"724\" height=\"1024\" src=\"http:\/\/190.57.232.171\/capacitacion\/wp-content\/uploads\/2021\/11\/Tapa-Dossier-Ley-Micaela-2.jpg\" class=\"attachment-large size-large wp-post-image\" alt=\"\" loading=\"lazy\" \/><\/a>\r\n\r\n    <\/div>\r\n        <\/div>\r\n        <div class=\"layer-content element_1587187714568\" id=\"\">\r\n        <div class=\"element element_1587187895341  title \">\r\n                    <a target=\"_blank\" href=\"http:\/\/190.57.232.171\/capacitacion\/index.php\/listado-de-videos-utilizados-en-la-capacitacion-ley-micaela\/\">Listado de videos utilizados en la Capacitaci\u00f3n Ley Micaela<\/a>\r\n\r\n\t\t\r\n\r\n    <\/div>\r\n        <div class=\"element element_1587187729822  excerpt \">\r\n        El documento aqu\u00ed adjunto nuclea los links correspondietes a todo el material audiovisual utilizado en las capacitaones obligatorias Ley Micaela                    <a target=\"_self\" href=\"http:\/\/190.57.232.171\/capacitacion\/index.php\/listado-de-videos-utilizados-en-la-capacitacion-ley-micaela\/\">Read more<\/a>\r\n            <\/div>\r\n        <\/div>\r\n            <\/div>\r\n    <\/div>\r\n    \r\n    <div class=\"item item-1227 skin flat even 8 \">\r\n                <div class=\"layer-wrapper layout-644\">\r\n                <div class=\"layer-media element_1587187627902\" id=\"\">\r\n        <div class=\"element element_1587190790308  element-media \">\r\n        <a target=\"_self\" href=\"http:\/\/190.57.232.171\/capacitacion\/index.php\/forlmulario-de-preguntas-capacitacion-ley-micaela\/\"><img width=\"724\" height=\"1024\" src=\"http:\/\/190.57.232.171\/capacitacion\/wp-content\/uploads\/2021\/11\/Tapa-Dossier-Ley-Micaela-2.jpg\" class=\"attachment-large size-large wp-post-image\" alt=\"\" loading=\"lazy\" \/><\/a>\r\n\r\n    <\/div>\r\n        <\/div>\r\n        <div class=\"layer-content element_1587187714568\" id=\"\">\r\n        <div class=\"element element_1587187895341  title \">\r\n                    <a target=\"_blank\" href=\"http:\/\/190.57.232.171\/capacitacion\/index.php\/forlmulario-de-preguntas-capacitacion-ley-micaela\/\">Forlmulario de preguntas capacitaci\u00f3n Ley Micaela<\/a>\r\n\r\n\t\t\r\n\r\n    <\/div>\r\n        <div class=\"element element_1587187729822  excerpt \">\r\n        A trav\u00e9s del siguiente link podr\u00e1s acceder al formulario de evaluaci\u00f3n correspondiente a la capacitaci\u00f3n Ley Micaela del Ministerio de                    <a target=\"_self\" href=\"http:\/\/190.57.232.171\/capacitacion\/index.php\/forlmulario-de-preguntas-capacitacion-ley-micaela\/\">Read more<\/a>\r\n            <\/div>\r\n        <\/div>\r\n            <\/div>\r\n    <\/div>\r\n    \r\n    <div class=\"item item-1316 skin flat odd 9 \">\r\n                <div class=\"layer-wrapper layout-644\">\r\n                <div class=\"layer-media element_1587187627902\" id=\"\">\r\n        <div class=\"element element_1587190790308  element-media \">\r\n        <a target=\"_self\" href=\"http:\/\/190.57.232.171\/capacitacion\/index.php\/manual-clinico-atencion-integral-de-la-salud-ante-situaciones-de-violencia-por-motivos-de-genero\/\"><img width=\"361\" height=\"215\" src=\"http:\/\/190.57.232.171\/capacitacion\/wp-content\/uploads\/2023\/04\/Acompanar-a-los-que-cuidan-3.png\" class=\"attachment-large size-large wp-post-image\" alt=\"\" loading=\"lazy\" \/><\/a>\r\n\r\n    <\/div>\r\n        <\/div>\r\n        <div class=\"layer-content element_1587187714568\" id=\"\">\r\n        <div class=\"element element_1587187895341  title \">\r\n                    <a target=\"_blank\" href=\"http:\/\/190.57.232.171\/capacitacion\/index.php\/manual-clinico-atencion-integral-de-la-salud-ante-situaciones-de-violencia-por-motivos-de-genero\/\">MANUAL CL\u00cdNICO: ATENCI\u00d3N INTEGRAL DE LA SALUD ANTE SITUACIONES DE VIOLENCIA POR MOTIVOS DE G\u00c9NERO<\/a>\r\n\r\n\t\t\r\n\r\n    <\/div>\r\n        <div class=\"element element_1587187729822  excerpt \">\r\n        El material compartido corresponde a una adaptaci\u00f3n de la versi\u00f3n en espa\u00f1ol desarrollada para la Argnetina por el Ministerio de                    <a target=\"_self\" href=\"http:\/\/190.57.232.171\/capacitacion\/index.php\/manual-clinico-atencion-integral-de-la-salud-ante-situaciones-de-violencia-por-motivos-de-genero\/\">Read more<\/a>\r\n            <\/div>\r\n        <\/div>\r\n            <\/div>\r\n    <\/div>\r\n            <\/div>\r\n            <div class=\"pagination\">\r\n            <div class=\"paginate\">\r\n            <\/div>\r\n    <style type=\"text\/css\">\r\n        #post-grid-641 .pagination .page-numbers{\r\n            font-size:16px;\r\n            color:#fff;\r\n            background:#646464;\r\n        }\r\n        #post-grid-641 .pagination .page-numbers:hover,\r\n        #post-grid-641 .pagination .page-numbers.current{\r\n            background:#4b4b4b;\r\n        }\r\n    <\/style>\r\n        <\/div>\r\n    <style type=\"text\/css\">\r\n.layout-644 .element_1587187627902{\r\n}\r\n<\/style>\r\n    <style type=\"text\/css\">\r\n.layout-644 .element_1587190790308{\r\n    overflow: hidden;\r\n}\r\n@media only screen and (min-width: 1024px ){\r\n    .layout-644 .element_1587190790308{\r\n                height: auto;\r\n        }\r\n}\r\n@media only screen and ( min-width: 768px ) and ( max-width: 1023px ) {\r\n    .layout-644 .element_1587190790308{\r\n            height: auto;\r\n        }\r\n}\r\n@media only screen and ( min-width: 0px ) and ( max-width: 767px ){\r\n    .layout-644 .element_1587190790308{\r\n            height: auto;\r\n        }\r\n}\r\n<\/style>\r\n    <style type=\"text\/css\">\r\n.layout-644 .element_1587187714568{\r\n    margin: 10px;\r\n}\r\n<\/style>\r\n    <style type=\"text\/css\">\r\n.layout-644 .element_1587187895341{\r\n    font-size: 18px;\r\n    margin: 5px 0px;\r\n    text-align: left;\r\n}\r\n.layout-644 .element_1587187895341 a{\r\n    font-size: 18px;\r\n}\r\n<\/style>\r\n    <style type=\"text\/css\">\r\n.layout-644 .element_1587187729822{\r\n    font-size: 13px;\r\n    margin: 0px 0px;\r\n    text-align: left;\r\n}\r\n.layout-644 .element_1587187729822 a{\r\n    font-size: 13px;\r\n}\r\n<\/style>\r\n    \r\n            \r\n            <style type=\"text\/css\">\r\n            .layout-644 a{text-decoration:none}.layout-644{vertical-align:top}.layout-644 .layer-content{padding:10px}        <\/style>\r\n        <script>\r\n                    jQuery('#post-grid-lazy-641').ready(function($){\r\n                var $container = $('#post-grid-641 .grid-items');\r\n                $container.masonry({\r\n                    itemSelector: '.item',\r\n                    columnWidth: '.item', \/\/as you wish , you can use numeric\r\n                    isAnimated: true,\r\n                    isFitWidth: true,\r\n                    horizontalOrder: true,\r\n                });\r\n                $container.imagesLoaded().done( function() {\r\n                    $container.masonry('layout');\r\n                });\r\n            })\r\n            <\/script>\r\n        <style type=\"text\/css\">\r\n        #post-grid-641 {\r\n                    padding:10px;\r\n                                        }\r\n        #post-grid-641 .grid-items{\r\n                    text-align: center;\r\n                }\r\n        #post-grid-641 .item{\r\n                    margin:10px;\r\n                            padding:0px;\r\n                            background:#fff;\r\n                }\r\n        #post-grid-641  .item .layer-media{\r\n            height:auto;        }\r\n        @media only screen and ( min-width: 0px ) and ( max-width: 767px ) {\r\n\r\n            #post-grid-641 .grid-items{\r\n                        }\r\n\r\n\r\n            #post-grid-641 .item{\r\n                            width:90%;\r\n                        height:auto;            }\r\n        }\r\n        @media only screen and ( min-width: 768px ) and ( max-width: 1023px ) {\r\n            #post-grid-641 .grid-items{\r\n                        }\r\n\r\n            #post-grid-641 .item{\r\n                            width:280px;\r\n                        max-height:auto;            }\r\n        }\r\n        @media only screen and (min-width: 1024px ){\r\n\r\n            #post-grid-641 .grid-items{\r\n                        }\r\n\r\n\r\n            #post-grid-641 .item{\r\n                            width:280px;\r\n                        height:auto;            }\r\n        }\r\n\r\n        \r\n\r\n    <\/style>\r\n        <\/div>\r\n    \n","protected":false},"excerpt":{"rendered":"<p>&#8211; LEY MICAELA 27.499, Ley de capacitaci\u00f3n obligatoria en perspectiva de g\u00e9nero para todas las personas que integran los tres poderes del Estado. Aqu\u00ed encontrar\u00e1&hellip;<\/p>\n","protected":false},"author":1,"featured_media":461,"parent":0,"menu_order":0,"comment_status":"closed","ping_status":"closed","template":"","meta":[],"_links":{"self":[{"href":"http:\/\/190.57.232.171\/capacitacion\/index.php\/wp-json\/wp\/v2\/pages\/471"}],"collection":[{"href":"http:\/\/190.57.232.171\/capacitacion\/index.php\/wp-json\/wp\/v2\/pages"}],"about":[{"href":"http:\/\/190.57.232.171\/capacitacion\/index.php\/wp-json\/wp\/v2\/types\/page"}],"author":[{"embeddable":true,"href":"http:\/\/190.57.232.171\/capacitacion\/index.php\/wp-json\/wp\/v2\/users\/1"}],"replies":[{"embeddable":true,"href":"http:\/\/190.57.232.171\/capacitacion\/index.php\/wp-json\/wp\/v2\/comments?post=471"}],"version-history":[{"count":11,"href":"http:\/\/190.57.232.171\/capacitacion\/index.php\/wp-json\/wp\/v2\/pages\/471\/revisions"}],"predecessor-version":[{"id":759,"href":"http:\/\/190.57.232.171\/capacitacion\/index.php\/wp-json\/wp\/v2\/pages\/471\/revisions\/759"}],"wp:featuredmedia":[{"embeddable":true,"href":"http:\/\/190.57.232.171\/capacitacion\/index.php\/wp-json\/wp\/v2\/media\/461"}],"wp:attachment":[{"href":"http:\/\/190.57.232.171\/capacitacion\/index.php\/wp-json\/wp\/v2\/media?parent=471"}],"curies":[{"name":"wp","href":"https:\/\/api.w.org\/{rel}","templated":true}]}}