{"id":333,"date":"2021-07-20T14:38:16","date_gmt":"2021-07-20T14:38:16","guid":{"rendered":"http:\/\/190.57.232.171\/capacitacion\/?page_id=333"},"modified":"2021-09-16T12:48:41","modified_gmt":"2021-09-16T12:48:41","slug":"interes-ministerial","status":"publish","type":"page","link":"http:\/\/190.57.232.171\/capacitacion\/index.php\/interes-ministerial\/","title":{"rendered":"Inter\u00e9s Ministerial"},"content":{"rendered":"\n<p class=\"has-text-color has-medium-font-size\" style=\"color:#53a925\"><strong><span style=\"color:#53a925\" class=\"has-inline-color\">\u00bfQu\u00e9 es la Declaraci\u00f3n de Inter\u00e9s Ministerial?<\/span><\/strong><\/p>\n\n\n\n<p>Es un texto legal,&nbsp; mediante el cual el Ministerio de Salud de la Provincia de Entre R\u00edos reconoce una actividad como significativa y de importancia para la garant\u00eda del derecho a la salud de la comunidad y para contribuir a los objetivos de la gesti\u00f3n ministerial.&nbsp;<\/p>\n\n\n\n<p>La Declaraci\u00f3n de Inter\u00e9s Ministerial se otorgar\u00e1 s\u00f3lo a <em>eventos, talleres, jornadas, conferencias o actividad similar<\/em>, con fecha de inicio y culminaci\u00f3n detallada. La validez de la Declaraci\u00f3n ser\u00e1 por el per\u00edodo de tiempo que dure el evento.&nbsp;<\/p>\n\n\n\n<p>Obtener la Declaraci\u00f3n de Inter\u00e9s Ministerial no supone un auspicio o ayuda econ\u00f3mica, ni ning\u00fan v\u00ednculo laboral con este Ministerio.&nbsp;<\/p>\n\n\n\n<p><\/p>\n\n\n\n<p><\/p>\n\n\n\n<p class=\"has-medium-font-size\"><strong><span style=\"color:#53a925\" class=\"has-inline-color\">\u00bfC\u00f3mo se realiza la gesti\u00f3n para obtenerlo?<\/span><\/strong><\/p>\n\n\n\n<p>La entidad, instituci\u00f3n u organismo que desee realizar una actividad, ya sea: Taller, Jornada, Congreso, Reuniones, Conferencias o alg\u00fan evento similar que se lleve a cabo en el \u00e1mbito de la provincia de Entre R\u00edos, deber\u00e1 presentar una nota dirigida al Ministro\/a de Salud solicitando el inter\u00e9s ministerial para el evento a desarrollar, adjuntando ficha t\u00e9cnica de la instancia. El tr\u00e1mite deber\u00e1 iniciarse en Mesa de Entrada de este Ministerio, mediante expediente.&nbsp;<\/p>\n\n\n\n<p><strong>La fecha para iniciar el tr\u00e1mite deber\u00e1 realizarse con 60 d\u00edas m\u00ednimos de anticipaci\u00f3n del evento. El tr\u00e1mite no ser\u00e1 considerado si la actividad ya ha sido realizada<\/strong>.&nbsp;<\/p>\n\n\n            <div id=\"post-grid-lazy-842\" class=\"post-grid-lazy\"><img alt=\"\" src=\"\"\/><\/div>\r\n        <script>\r\n            jQuery('#post-grid-lazy-842').ready(function($){\r\n                $('#post-grid-lazy-842').fadeOut();\r\n                $('#post-grid-842').fadeIn();\r\n            })\r\n        <\/script>\r\n        <style type=\"text\/css\">\r\n            #post-grid-842{display: none;}\r\n            .post-grid-lazy{\r\n                text-align: center;\r\n            }\r\n        <\/style>\r\n            <div data-options='{\"id\":\"842\",\"lazy_load\":\"yes\",\"masonry_enable\":\"yes\",\"view_type\":\"grid\"}' id=\"post-grid-842\" class=\"post-grid grid\">\r\n            <div class=\"post-grid-search\">\r\n        <form grid_id=\"842\" action=\"http:\/\/190.57.232.171\/capacitacion\/index.php\/interes-ministerial\/\" method=\"get\">\r\n                <div class=\"field-wrap field-wrap-keyword\">\r\n\r\n        <span class=\"search-icon\"><i class=\"fas fa-search\"><\/i><\/span>\r\n        <input grid_id=\"842\" title=\"Press enter to reset\" class=\"search\" type=\"text\" name=\"keyword\" placeholder=\"Comience a tipear\" value=\"\">\r\n\r\n    <\/div>\r\n\r\n\r\n        <div class=\"field-wrap field-wrap-submit\">\r\n\r\n        <input type=\"hidden\" id=\"_wpnonce\" name=\"_wpnonce\" value=\"b81d5207f6\" \/>\r\n        <input type=\"submit\" value=\"Search\">\r\n        <span class=\"search-loading\"><i class=\"fas fa-spinner fa-spin\"><\/i><\/span>\r\n\r\n    <\/div>\r\n\r\n\r\n    \r\n        <\/form>\r\n\r\n    <\/div>\r\n\r\n            <div class=\"grid-items\">\r\n            \r\n    <div class=\"item item-1309 skin flat even 0 \">\r\n                <div class=\"layer-wrapper layout-644\">\r\n                <div class=\"layer-media element_1587187627902\" id=\"\">\r\n        <div class=\"element element_1587190790308  element-media \">\r\n        <a target=\"_self\" href=\"http:\/\/190.57.232.171\/capacitacion\/index.php\/decreto-provincial-4547\/\"><img width=\"361\" height=\"215\" src=\"http:\/\/190.57.232.171\/capacitacion\/wp-content\/uploads\/2023\/02\/Acompanar-a-los-que-cuidan-2.png\" class=\"attachment-large size-large wp-post-image\" alt=\"\" loading=\"lazy\" \/><\/a>\r\n\r\n    <\/div>\r\n        <\/div>\r\n        <div class=\"layer-content element_1587187714568\" id=\"\">\r\n        <div class=\"element element_1587187895341  title \">\r\n                    <a target=\"_blank\" href=\"http:\/\/190.57.232.171\/capacitacion\/index.php\/decreto-provincial-4547\/\">DECRETO PROVINCIAL 4547<\/a>\r\n\r\n\t\t\r\n\r\n    <\/div>\r\n        <div class=\"element element_1587187729822  excerpt \">\r\n        El siguiente documento corresponde al Decreto 4547\/11 GOB que enmarca y orienta las declaraciones de Inter\u00e9s de todos los\u00a0 Ministerios                    <a target=\"_self\" href=\"http:\/\/190.57.232.171\/capacitacion\/index.php\/decreto-provincial-4547\/\">Read more<\/a>\r\n            <\/div>\r\n        <\/div>\r\n            <\/div>\r\n    <\/div>\r\n    \r\n    <div class=\"item item-795 skin flat odd 1 \">\r\n                <div class=\"layer-wrapper layout-644\">\r\n                <div class=\"layer-media element_1587187627902\" id=\"\">\r\n        <div class=\"element element_1587190790308  element-media \">\r\n        <a target=\"_self\" href=\"http:\/\/190.57.232.171\/capacitacion\/index.php\/resolucion-y-ficha-tecnica\/\"><img width=\"361\" height=\"215\" src=\"http:\/\/190.57.232.171\/capacitacion\/wp-content\/uploads\/2021\/09\/Acompanar-a-los-que-cuidan-4.jpg\" class=\"attachment-large size-large wp-post-image\" alt=\"\" loading=\"lazy\" \/><\/a>\r\n\r\n    <\/div>\r\n        <\/div>\r\n        <div class=\"layer-content element_1587187714568\" id=\"\">\r\n        <div class=\"element element_1587187895341  title \">\r\n                    <a target=\"_blank\" href=\"http:\/\/190.57.232.171\/capacitacion\/index.php\/resolucion-y-ficha-tecnica\/\">Resoluci\u00f3n y ficha t\u00e9cnica<\/a>\r\n\r\n\t\t\r\n\r\n    <\/div>\r\n        <div class=\"element element_1587187729822  excerpt \">\r\n        En este espacio encontrar\u00e1s los documentos correspondientes a la regulaci\u00f3n y las referencias necesarias para realizar la solicitud de Inter\u00e9s                    <a target=\"_self\" href=\"http:\/\/190.57.232.171\/capacitacion\/index.php\/resolucion-y-ficha-tecnica\/\">Read more<\/a>\r\n            <\/div>\r\n        <\/div>\r\n            <\/div>\r\n    <\/div>\r\n            <\/div>\r\n            <div class=\"pagination\">\r\n            <div class=\"paginate\">\r\n            <\/div>\r\n    <style type=\"text\/css\">\r\n        #post-grid-842 .pagination .page-numbers{\r\n            font-size:16px;\r\n            color:#fff;\r\n            background:#646464;\r\n        }\r\n        #post-grid-842 .pagination .page-numbers:hover,\r\n        #post-grid-842 .pagination .page-numbers.current{\r\n            background:#4b4b4b;\r\n        }\r\n    <\/style>\r\n        <\/div>\r\n    <style type=\"text\/css\">\r\n.layout-644 .element_1587187627902{\r\n}\r\n<\/style>\r\n    <style type=\"text\/css\">\r\n.layout-644 .element_1587190790308{\r\n    overflow: hidden;\r\n}\r\n@media only screen and (min-width: 1024px ){\r\n    .layout-644 .element_1587190790308{\r\n                height: auto;\r\n        }\r\n}\r\n@media only screen and ( min-width: 768px ) and ( max-width: 1023px ) {\r\n    .layout-644 .element_1587190790308{\r\n            height: auto;\r\n        }\r\n}\r\n@media only screen and ( min-width: 0px ) and ( max-width: 767px ){\r\n    .layout-644 .element_1587190790308{\r\n            height: auto;\r\n        }\r\n}\r\n<\/style>\r\n    <style type=\"text\/css\">\r\n.layout-644 .element_1587187714568{\r\n    margin: 10px;\r\n}\r\n<\/style>\r\n    <style type=\"text\/css\">\r\n.layout-644 .element_1587187895341{\r\n    font-size: 18px;\r\n    margin: 5px 0px;\r\n    text-align: left;\r\n}\r\n.layout-644 .element_1587187895341 a{\r\n    font-size: 18px;\r\n}\r\n<\/style>\r\n    <style type=\"text\/css\">\r\n.layout-644 .element_1587187729822{\r\n    font-size: 13px;\r\n    margin: 0px 0px;\r\n    text-align: left;\r\n}\r\n.layout-644 .element_1587187729822 a{\r\n    font-size: 13px;\r\n}\r\n<\/style>\r\n    \r\n            \r\n            <style type=\"text\/css\">\r\n            .layout-644 a{text-decoration:none}.layout-644{vertical-align:top}.layout-644 .layer-content{padding:10px}        <\/style>\r\n        <script>\r\n                    jQuery('#post-grid-lazy-842').ready(function($){\r\n                var $container = $('#post-grid-842 .grid-items');\r\n                $container.masonry({\r\n                    itemSelector: '.item',\r\n                    columnWidth: '.item', \/\/as you wish , you can use numeric\r\n                    isAnimated: true,\r\n                    isFitWidth: true,\r\n                    horizontalOrder: true,\r\n                });\r\n                $container.imagesLoaded().done( function() {\r\n                    $container.masonry('layout');\r\n                });\r\n            })\r\n            <\/script>\r\n        <style type=\"text\/css\">\r\n        #post-grid-842 {\r\n                    padding:10px;\r\n                                        }\r\n        #post-grid-842 .grid-items{\r\n                    text-align: center;\r\n                }\r\n        #post-grid-842 .item{\r\n                    margin:10px;\r\n                            padding:0px;\r\n                            background:#fff;\r\n                }\r\n        #post-grid-842  .item .layer-media{\r\n            height:auto;        }\r\n        @media only screen and ( min-width: 0px ) and ( max-width: 767px ) {\r\n\r\n            #post-grid-842 .grid-items{\r\n                        }\r\n\r\n\r\n            #post-grid-842 .item{\r\n                            width:90%;\r\n                        height:auto;            }\r\n        }\r\n        @media only screen and ( min-width: 768px ) and ( max-width: 1023px ) {\r\n            #post-grid-842 .grid-items{\r\n                        }\r\n\r\n            #post-grid-842 .item{\r\n                            width:280px;\r\n                        max-height:auto;            }\r\n        }\r\n        @media only screen and (min-width: 1024px ){\r\n\r\n            #post-grid-842 .grid-items{\r\n                        }\r\n\r\n\r\n            #post-grid-842 .item{\r\n                            width:280px;\r\n                        height:auto;            }\r\n        }\r\n\r\n        \r\n\r\n    <\/style>\r\n        <\/div>\r\n    \n","protected":false},"excerpt":{"rendered":"<p>\u00bfQu\u00e9 es la Declaraci\u00f3n de Inter\u00e9s Ministerial? Es un texto legal,&nbsp; mediante el cual el Ministerio de Salud de la Provincia de Entre R\u00edos reconoce&hellip;<\/p>\n","protected":false},"author":2,"featured_media":0,"parent":0,"menu_order":0,"comment_status":"closed","ping_status":"closed","template":"","meta":[],"_links":{"self":[{"href":"http:\/\/190.57.232.171\/capacitacion\/index.php\/wp-json\/wp\/v2\/pages\/333"}],"collection":[{"href":"http:\/\/190.57.232.171\/capacitacion\/index.php\/wp-json\/wp\/v2\/pages"}],"about":[{"href":"http:\/\/190.57.232.171\/capacitacion\/index.php\/wp-json\/wp\/v2\/types\/page"}],"author":[{"embeddable":true,"href":"http:\/\/190.57.232.171\/capacitacion\/index.php\/wp-json\/wp\/v2\/users\/2"}],"replies":[{"embeddable":true,"href":"http:\/\/190.57.232.171\/capacitacion\/index.php\/wp-json\/wp\/v2\/comments?post=333"}],"version-history":[{"count":6,"href":"http:\/\/190.57.232.171\/capacitacion\/index.php\/wp-json\/wp\/v2\/pages\/333\/revisions"}],"predecessor-version":[{"id":845,"href":"http:\/\/190.57.232.171\/capacitacion\/index.php\/wp-json\/wp\/v2\/pages\/333\/revisions\/845"}],"wp:attachment":[{"href":"http:\/\/190.57.232.171\/capacitacion\/index.php\/wp-json\/wp\/v2\/media?parent=333"}],"curies":[{"name":"wp","href":"https:\/\/api.w.org\/{rel}","templated":true}]}}