{"id":317,"date":"2021-06-08T17:19:53","date_gmt":"2021-06-08T17:19:53","guid":{"rendered":"http:\/\/190.57.232.171\/capacitacion\/?page_id=317"},"modified":"2021-09-16T13:11:13","modified_gmt":"2021-09-16T13:11:13","slug":"comite-de-docencia-e-investigacion","status":"publish","type":"page","link":"http:\/\/190.57.232.171\/capacitacion\/index.php\/formacion\/comite-de-docencia-e-investigacion\/","title":{"rendered":"COMIT\u00c9 DE DOCENCIA E INVESTIGACI\u00d3N."},"content":{"rendered":"<p><span style=\"font-weight: 400;\">El comit\u00e9 de docencia e investigaci\u00f3n (CoDEI) es un dispositivo que depende de la direcci\u00f3n del efector de Salud en el que se conform\u00f3 y asesora a la en todas las cuestiones referidas a: programaci\u00f3n, coordinaci\u00f3n, ejecuci\u00f3n y supervisi\u00f3n de las actividades formativa y de docencia e investigaci\u00f3n cient\u00edfica de y en dicha instituci\u00f3n.<\/span><\/p>\n<p>En este espacio encontrar\u00e1s material correspondiente a la <strong>localizaci\u00f3n, descripci\u00f3n y marco regulatorio<\/strong> de los <strong>comit\u00e9s de docencia e investiaci\u00f3n<\/strong> que, actualmente, existen en nuestra provincia y est\u00e1n bajo la \u00f3rbita del Ministerio de Salud de <strong>Entre R\u00edos<\/strong>.<\/p>\n<p><a href=\"http:\/\/190.57.232.171\/capacitacion\/wp-content\/uploads\/2021\/08\/COMITES-DE-DOCENCIA-E-INVESTIGACION-Descripcion-y-ubicacion.docx.pdf\">COMITES DE DOCENCIA E INVESTIGACI\u00d3N-Descripci\u00f3n y ubicaci\u00f3n.docx<\/a><\/p>\n<p><a href=\"http:\/\/190.57.232.171\/capacitacion\/wp-content\/uploads\/2021\/09\/Mapa-Comites-de-Docencia-e-Investigcion-1.pdf\">Mapa Comites de Docencia e Investigci\u00f3n (1)<\/a><\/p>\n<p>&nbsp;<\/p>\n<p><img loading=\"lazy\" class=\"alignnone size-full wp-image-849\" src=\"http:\/\/190.57.232.171\/capacitacion\/wp-content\/uploads\/2021\/09\/Mapa-Comites-de-Docencia-e-Investigcion-1.jpg\" alt=\"\" width=\"1920\" height=\"1080\" \/><\/p>\n<p>&nbsp;<\/p>\n<p>&nbsp;<\/p>\n<p>&nbsp;<\/p>\n","protected":false},"excerpt":{"rendered":"<p>El comit\u00e9 de docencia e investigaci\u00f3n (CoDEI) es un dispositivo que depende de la direcci\u00f3n del efector de Salud en el que se conform\u00f3 y&hellip;<\/p>\n","protected":false},"author":1,"featured_media":0,"parent":73,"menu_order":0,"comment_status":"closed","ping_status":"closed","template":"","meta":[],"_links":{"self":[{"href":"http:\/\/190.57.232.171\/capacitacion\/index.php\/wp-json\/wp\/v2\/pages\/317"}],"collection":[{"href":"http:\/\/190.57.232.171\/capacitacion\/index.php\/wp-json\/wp\/v2\/pages"}],"about":[{"href":"http:\/\/190.57.232.171\/capacitacion\/index.php\/wp-json\/wp\/v2\/types\/page"}],"author":[{"embeddable":true,"href":"http:\/\/190.57.232.171\/capacitacion\/index.php\/wp-json\/wp\/v2\/users\/1"}],"replies":[{"embeddable":true,"href":"http:\/\/190.57.232.171\/capacitacion\/index.php\/wp-json\/wp\/v2\/comments?post=317"}],"version-history":[{"count":8,"href":"http:\/\/190.57.232.171\/capacitacion\/index.php\/wp-json\/wp\/v2\/pages\/317\/revisions"}],"predecessor-version":[{"id":856,"href":"http:\/\/190.57.232.171\/capacitacion\/index.php\/wp-json\/wp\/v2\/pages\/317\/revisions\/856"}],"up":[{"embeddable":true,"href":"http:\/\/190.57.232.171\/capacitacion\/index.php\/wp-json\/wp\/v2\/pages\/73"}],"wp:attachment":[{"href":"http:\/\/190.57.232.171\/capacitacion\/index.php\/wp-json\/wp\/v2\/media?parent=317"}],"curies":[{"name":"wp","href":"https:\/\/api.w.org\/{rel}","templated":true}]}}