{"id":312,"date":"2021-06-08T17:18:57","date_gmt":"2021-06-08T17:18:57","guid":{"rendered":"http:\/\/190.57.232.171\/capacitacion\/?page_id=312"},"modified":"2021-10-29T12:59:32","modified_gmt":"2021-10-29T12:59:32","slug":"propuestas-de-capacitacion","status":"publish","type":"page","link":"http:\/\/190.57.232.171\/capacitacion\/index.php\/propuestas-de-capacitacion\/","title":{"rendered":"PROPUESTAS DE CAPACITACION"},"content":{"rendered":"\n<p>Convocatorias y propuestas de capacitaci\u00f3n realizadas desde el Ministerio de Salud de la Provincia de Entre R\u00edos, el Ministerio de Salud de la Naci\u00f3n y otras instituciones u organizaciones reconocidas acad\u00e9micamente.<\/p>\n\n\n            <div id=\"post-grid-lazy-806\" class=\"post-grid-lazy\"><img alt=\"\" src=\"\"\/><\/div>\r\n        <script>\r\n            jQuery('#post-grid-lazy-806').ready(function($){\r\n                $('#post-grid-lazy-806').fadeOut();\r\n                $('#post-grid-806').fadeIn();\r\n            })\r\n        <\/script>\r\n        <style type=\"text\/css\">\r\n            #post-grid-806{display: none;}\r\n            .post-grid-lazy{\r\n                text-align: center;\r\n            }\r\n        <\/style>\r\n            <div data-options='{\"id\":\"806\",\"lazy_load\":\"yes\",\"masonry_enable\":\"yes\",\"view_type\":\"grid\"}' id=\"post-grid-806\" class=\"post-grid grid\">\r\n            <div class=\"post-grid-search\">\r\n        <form grid_id=\"806\" action=\"http:\/\/190.57.232.171\/capacitacion\/index.php\/propuestas-de-capacitacion\/\" method=\"get\">\r\n                <div class=\"field-wrap field-wrap-keyword\">\r\n\r\n        <span class=\"search-icon\"><i class=\"fas fa-search\"><\/i><\/span>\r\n        <input grid_id=\"806\" title=\"Press enter to reset\" class=\"search\" type=\"text\" name=\"keyword\" placeholder=\"Comience a tipear\" value=\"\">\r\n\r\n    <\/div>\r\n\r\n\r\n        <div class=\"field-wrap field-wrap-submit\">\r\n\r\n        <input type=\"hidden\" id=\"_wpnonce\" name=\"_wpnonce\" value=\"b81d5207f6\" \/>\r\n        <input type=\"submit\" value=\"Search\">\r\n        <span class=\"search-loading\"><i class=\"fas fa-spinner fa-spin\"><\/i><\/span>\r\n\r\n    <\/div>\r\n\r\n\r\n    \r\n        <\/form>\r\n\r\n    <\/div>\r\n\r\n            <div class=\"grid-items\">\r\n            \r\n    <div class=\"item item-1356 skin flat even 0 \">\r\n                <div class=\"layer-wrapper layout-644\">\r\n                <div class=\"layer-media element_1587187627902\" id=\"\">\r\n        <div class=\"element element_1587190790308  element-media \">\r\n        <a target=\"_self\" href=\"http:\/\/190.57.232.171\/capacitacion\/index.php\/control-de-la-tuberculosis-en-ninxs-y-adolescentes\/\"><img width=\"843\" height=\"843\" src=\"http:\/\/190.57.232.171\/capacitacion\/wp-content\/uploads\/2023\/05\/Control-de-tuberculosis-en-ninxs-y-adolescentes.png\" class=\"attachment-large size-large wp-post-image\" alt=\"\" loading=\"lazy\" \/><\/a>\r\n\r\n    <\/div>\r\n        <\/div>\r\n        <div class=\"layer-content element_1587187714568\" id=\"\">\r\n        <div class=\"element element_1587187895341  title \">\r\n                    <a target=\"_blank\" href=\"http:\/\/190.57.232.171\/capacitacion\/index.php\/control-de-la-tuberculosis-en-ninxs-y-adolescentes\/\">Control de la Tuberculosis en ni\u00f1xs y adolescentes<\/a>\r\n\r\n\t\t\r\n\r\n    <\/div>\r\n        <div class=\"element element_1587187729822  excerpt \">\r\n        Pediatricos &nbsp; Contenidos: D\u00eda 1: Mi\u00e9rcoles 14 de junio D\u00eda 2: Mi\u00e9rcoles 21 de junio D\u00eda 3: Mi\u00e9rcoles 28 de                    <a target=\"_self\" href=\"http:\/\/190.57.232.171\/capacitacion\/index.php\/control-de-la-tuberculosis-en-ninxs-y-adolescentes\/\">Read more<\/a>\r\n            <\/div>\r\n        <\/div>\r\n            <\/div>\r\n    <\/div>\r\n    \r\n    <div class=\"item item-1213 skin flat odd 1 \">\r\n                <div class=\"layer-wrapper layout-644\">\r\n                <div class=\"layer-media element_1587187627902\" id=\"\">\r\n        <div class=\"element element_1587190790308  element-media \">\r\n        <a target=\"_self\" href=\"http:\/\/190.57.232.171\/capacitacion\/index.php\/tutorial-de-acceso-a-las-capacitaciones-virtuales-del-instituto-autarquico-provincial-del-seguro-de-entre-rios-iapser-rt\/\"><img width=\"361\" height=\"215\" src=\"http:\/\/190.57.232.171\/capacitacion\/wp-content\/uploads\/2022\/07\/Acompanar-a-los-que-cuidan-25.jpg\" class=\"attachment-large size-large wp-post-image\" alt=\"\" loading=\"lazy\" \/><\/a>\r\n\r\n    <\/div>\r\n        <\/div>\r\n        <div class=\"layer-content element_1587187714568\" id=\"\">\r\n        <div class=\"element element_1587187895341  title \">\r\n                    <a target=\"_blank\" href=\"http:\/\/190.57.232.171\/capacitacion\/index.php\/tutorial-de-acceso-a-las-capacitaciones-virtuales-del-instituto-autarquico-provincial-del-seguro-de-entre-rios-iapser-rt\/\">Tutorial de acceso a las capacitaciones virtuales del Instituto Aut\u00e1rquico Provincial del Seguro de Entre R\u00edos (IAPSER RT)<\/a>\r\n\r\n\t\t\r\n\r\n    <\/div>\r\n        <div class=\"element element_1587187729822  excerpt \">\r\n        Tutorial de acceso a la plataforma de capacitaci\u00f3n virtual del Instituto Aut\u00e1rquico Provincial del Seguro de Entre R\u00edos (IAPSER RT).                    <a target=\"_self\" href=\"http:\/\/190.57.232.171\/capacitacion\/index.php\/tutorial-de-acceso-a-las-capacitaciones-virtuales-del-instituto-autarquico-provincial-del-seguro-de-entre-rios-iapser-rt\/\">Read more<\/a>\r\n            <\/div>\r\n        <\/div>\r\n            <\/div>\r\n    <\/div>\r\n    \r\n    <div class=\"item item-1118 skin flat even 2 \">\r\n                <div class=\"layer-wrapper layout-644\">\r\n                <div class=\"layer-media element_1587187627902\" id=\"\">\r\n        <div class=\"element element_1587190790308  element-media \">\r\n        <a target=\"_self\" href=\"http:\/\/190.57.232.171\/capacitacion\/index.php\/cronograma-de-cursos-de-la-direccion-nacional-de-calidad-en-servicios-de-salud-y-regulacion-sanitaria\/\"><img width=\"361\" height=\"215\" src=\"http:\/\/190.57.232.171\/capacitacion\/wp-content\/uploads\/2022\/02\/Acompanar-a-los-que-cuidan-23.jpg\" class=\"attachment-large size-large wp-post-image\" alt=\"\" loading=\"lazy\" \/><\/a>\r\n\r\n    <\/div>\r\n        <\/div>\r\n        <div class=\"layer-content element_1587187714568\" id=\"\">\r\n        <div class=\"element element_1587187895341  title \">\r\n                    <a target=\"_blank\" href=\"http:\/\/190.57.232.171\/capacitacion\/index.php\/cronograma-de-cursos-de-la-direccion-nacional-de-calidad-en-servicios-de-salud-y-regulacion-sanitaria\/\">Cronograma de cursos de la DIRECCI\u00d3N NACIONAL DE CALIDAD EN SERVICIOS DE SALUD y REGULACI\u00d3N SANITARIA<\/a>\r\n\r\n\t\t\r\n\r\n    <\/div>\r\n        <div class=\"element element_1587187729822  excerpt \">\r\n        &nbsp; Cronograma correspondiente a la oferta de formaci\u00f3n disponible a partir de marzo del 2022 en la siguiente plataforma: https:\/\/plataformavirtualdesalud.msal.gov.ar\/                    <a target=\"_self\" href=\"http:\/\/190.57.232.171\/capacitacion\/index.php\/cronograma-de-cursos-de-la-direccion-nacional-de-calidad-en-servicios-de-salud-y-regulacion-sanitaria\/\">Read more<\/a>\r\n            <\/div>\r\n        <\/div>\r\n            <\/div>\r\n    <\/div>\r\n    \r\n    <div class=\"item item-1103 skin flat odd 3 \">\r\n                <div class=\"layer-wrapper layout-644\">\r\n                <div class=\"layer-media element_1587187627902\" id=\"\">\r\n        <div class=\"element element_1587190790308  element-media \">\r\n        <a target=\"_self\" href=\"http:\/\/190.57.232.171\/capacitacion\/index.php\/jornadas-regionales-interdisciplinarias-de-cuidados-criticos\/\"><img width=\"843\" height=\"422\" src=\"http:\/\/190.57.232.171\/capacitacion\/wp-content\/uploads\/2021\/11\/e2bc77_a1e13d86396c4b758fa409bba61a4124_mv2.jpeg\" class=\"attachment-large size-large wp-post-image\" alt=\"\" loading=\"lazy\" \/><\/a>\r\n\r\n    <\/div>\r\n        <\/div>\r\n        <div class=\"layer-content element_1587187714568\" id=\"\">\r\n        <div class=\"element element_1587187895341  title \">\r\n                    <a target=\"_blank\" href=\"http:\/\/190.57.232.171\/capacitacion\/index.php\/jornadas-regionales-interdisciplinarias-de-cuidados-criticos\/\">Jornadas Regionales Interdisciplinarias de Cuidados Cr\u00edticos<\/a>\r\n\r\n\t\t\r\n\r\n    <\/div>\r\n        <div class=\"element element_1587187729822  excerpt \">\r\n        Actividad Organizada por la Sociedad Entrerriana de Terapia Intensiva (SETI) Enlace para inscripci\u00f3n: https:\/\/www.hillaireteventos.com\/event-details\/jornadas-regionales-interdisciplinarias-de-cuidados-criticos?fbclid=IwAR0AiahA7mt_wtsP69UJIJxz--ByUw6JXgfegM92C_Q68kIeip6-6Ds7jWs &nbsp;                    <a target=\"_self\" href=\"http:\/\/190.57.232.171\/capacitacion\/index.php\/jornadas-regionales-interdisciplinarias-de-cuidados-criticos\/\">Read more<\/a>\r\n            <\/div>\r\n        <\/div>\r\n            <\/div>\r\n    <\/div>\r\n    \r\n    <div class=\"item item-1093 skin flat even 4 \">\r\n                <div class=\"layer-wrapper layout-644\">\r\n                <div class=\"layer-media element_1587187627902\" id=\"\">\r\n        <div class=\"element element_1587190790308  element-media \">\r\n        <a target=\"_self\" href=\"http:\/\/190.57.232.171\/capacitacion\/index.php\/2-encuentro-entre-terapias-convencionales-y-complementarias\/\"><img width=\"843\" height=\"707\" src=\"http:\/\/190.57.232.171\/capacitacion\/wp-content\/uploads\/2021\/11\/flyer-2-encuentro-entre-terapias-convencionales-y-complementarias.jpeg\" class=\"attachment-large size-large wp-post-image\" alt=\"\" loading=\"lazy\" \/><\/a>\r\n\r\n    <\/div>\r\n        <\/div>\r\n        <div class=\"layer-content element_1587187714568\" id=\"\">\r\n        <div class=\"element element_1587187895341  title \">\r\n                    <a target=\"_blank\" href=\"http:\/\/190.57.232.171\/capacitacion\/index.php\/2-encuentro-entre-terapias-convencionales-y-complementarias\/\">2\u00b0 ENCUENTRO ENTRE TERAPIAS CONVENCIONALES Y COMPLEMENTARIAS<\/a>\r\n\r\n\t\t\r\n\r\n    <\/div>\r\n        <div class=\"element element_1587187729822  excerpt \">\r\n        Actividad organizada por la Fundaci\u00f3n Cient\u00edfica Litoral, con la participaci\u00f3n de autoridades y equipos de trabajo del Ministerio de Salud                    <a target=\"_self\" href=\"http:\/\/190.57.232.171\/capacitacion\/index.php\/2-encuentro-entre-terapias-convencionales-y-complementarias\/\">Read more<\/a>\r\n            <\/div>\r\n        <\/div>\r\n            <\/div>\r\n    <\/div>\r\n    \r\n    <div class=\"item item-1083 skin flat odd 5 \">\r\n                <div class=\"layer-wrapper layout-644\">\r\n                <div class=\"layer-media element_1587187627902\" id=\"\">\r\n        <div class=\"element element_1587190790308  element-media \">\r\n        <a target=\"_self\" href=\"http:\/\/190.57.232.171\/capacitacion\/index.php\/jornada-mes-de-la-enfermeria\/\"><img width=\"843\" height=\"843\" src=\"http:\/\/190.57.232.171\/capacitacion\/wp-content\/uploads\/2021\/11\/WhatsApp-Image-2021-11-23-at-12.32.24.jpeg\" class=\"attachment-large size-large wp-post-image\" alt=\"\" loading=\"lazy\" \/><\/a>\r\n\r\n    <\/div>\r\n        <\/div>\r\n        <div class=\"layer-content element_1587187714568\" id=\"\">\r\n        <div class=\"element element_1587187895341  title \">\r\n                    <a target=\"_blank\" href=\"http:\/\/190.57.232.171\/capacitacion\/index.php\/jornada-mes-de-la-enfermeria\/\">Jornada mes de la Enfermer\u00eda<\/a>\r\n\r\n\t\t\r\n\r\n    <\/div>\r\n        <div class=\"element element_1587187729822  excerpt \">\r\n        Mi\u00e9rcoles 24 y jueves 25 de noviembre de 9 a 10:30\u00a0 trav\u00e9s de la plataforma virtual meet. Links de acceso:                    <a target=\"_self\" href=\"http:\/\/190.57.232.171\/capacitacion\/index.php\/jornada-mes-de-la-enfermeria\/\">Read more<\/a>\r\n            <\/div>\r\n        <\/div>\r\n            <\/div>\r\n    <\/div>\r\n    \r\n    <div class=\"item item-1031 skin flat even 6 \">\r\n                <div class=\"layer-wrapper layout-644\">\r\n                <div class=\"layer-media element_1587187627902\" id=\"\">\r\n        <div class=\"element element_1587190790308  element-media \">\r\n        <a target=\"_self\" href=\"http:\/\/190.57.232.171\/capacitacion\/index.php\/hospital-materno-infantil-san-roque\/\"><img width=\"843\" height=\"843\" src=\"http:\/\/190.57.232.171\/capacitacion\/wp-content\/uploads\/2021\/11\/WhatsApp-Image-2021-11-04-at-12.20.01.jpeg\" class=\"attachment-large size-large wp-post-image\" alt=\"\" loading=\"lazy\" \/><\/a>\r\n\r\n    <\/div>\r\n        <\/div>\r\n        <div class=\"layer-content element_1587187714568\" id=\"\">\r\n        <div class=\"element element_1587187895341  title \">\r\n                    <a target=\"_blank\" href=\"http:\/\/190.57.232.171\/capacitacion\/index.php\/hospital-materno-infantil-san-roque\/\">Hospital Materno Infantil San Roque<\/a>\r\n\r\n\t\t\r\n\r\n    <\/div>\r\n        <div class=\"element element_1587187729822  excerpt \">\r\n        Programa de jornadas para Hillairet                    <a target=\"_self\" href=\"http:\/\/190.57.232.171\/capacitacion\/index.php\/hospital-materno-infantil-san-roque\/\">Read more<\/a>\r\n            <\/div>\r\n        <\/div>\r\n            <\/div>\r\n    <\/div>\r\n    \r\n    <div class=\"item item-1006 skin flat odd 7 \">\r\n                <div class=\"layer-wrapper layout-644\">\r\n                <div class=\"layer-media element_1587187627902\" id=\"\">\r\n        <div class=\"element element_1587190790308  element-media \">\r\n        <a target=\"_self\" href=\"http:\/\/190.57.232.171\/capacitacion\/index.php\/xii-jornadas-regionales-de-ingenieria-y-esterilizacion-hospitalaria\/\"><img width=\"843\" height=\"586\" src=\"http:\/\/190.57.232.171\/capacitacion\/wp-content\/uploads\/2021\/10\/Afiche-1.jpg\" class=\"attachment-large size-large wp-post-image\" alt=\"\" loading=\"lazy\" \/><\/a>\r\n\r\n    <\/div>\r\n        <\/div>\r\n        <div class=\"layer-content element_1587187714568\" id=\"\">\r\n        <div class=\"element element_1587187895341  title \">\r\n                    <a target=\"_blank\" href=\"http:\/\/190.57.232.171\/capacitacion\/index.php\/xii-jornadas-regionales-de-ingenieria-y-esterilizacion-hospitalaria\/\">XII JORNADAS REGIONALES DE INGENIERIA Y ESTERILIZACI\u00d3N HOSPITALARIA<\/a>\r\n\r\n\t\t\r\n\r\n    <\/div>\r\n        <div class=\"element element_1587187729822  excerpt \">\r\n        Evaluaci\u00f3n de dispositivos m\u00e9dicos para combatir el Covid 19 (ANMAT). Desarrollo de Equipo para Asistencia Respiratoria durante la pandemia (Grupo                    <a target=\"_self\" href=\"http:\/\/190.57.232.171\/capacitacion\/index.php\/xii-jornadas-regionales-de-ingenieria-y-esterilizacion-hospitalaria\/\">Read more<\/a>\r\n            <\/div>\r\n        <\/div>\r\n            <\/div>\r\n    <\/div>\r\n    \r\n    <div class=\"item item-857 skin flat even 8 \">\r\n                <div class=\"layer-wrapper layout-644\">\r\n                <div class=\"layer-media element_1587187627902\" id=\"\">\r\n        <div class=\"element element_1587190790308  element-media \">\r\n        <a target=\"_self\" href=\"http:\/\/190.57.232.171\/capacitacion\/index.php\/mortalidad-perinatal-definiciones-vigilancias-y-estrategias\/\"><img width=\"724\" height=\"1024\" src=\"http:\/\/190.57.232.171\/capacitacion\/wp-content\/uploads\/2021\/09\/Mortalidad-Perinatal.jpg\" class=\"attachment-large size-large wp-post-image\" alt=\"\" loading=\"lazy\" \/><\/a>\r\n\r\n    <\/div>\r\n        <\/div>\r\n        <div class=\"layer-content element_1587187714568\" id=\"\">\r\n        <div class=\"element element_1587187895341  title \">\r\n                    <a target=\"_blank\" href=\"http:\/\/190.57.232.171\/capacitacion\/index.php\/mortalidad-perinatal-definiciones-vigilancias-y-estrategias\/\">Mortalidad Perinatal: definiciones, vigilancias y estrategias.<\/a>\r\n\r\n\t\t\r\n\r\n    <\/div>\r\n        <div class=\"element element_1587187729822  excerpt \">\r\n                            <a target=\"_self\" href=\"http:\/\/190.57.232.171\/capacitacion\/index.php\/mortalidad-perinatal-definiciones-vigilancias-y-estrategias\/\">Read more<\/a>\r\n            <\/div>\r\n        <\/div>\r\n            <\/div>\r\n    <\/div>\r\n    \r\n    <div class=\"item item-802 skin flat odd 9 \">\r\n                <div class=\"layer-wrapper layout-644\">\r\n                <div class=\"layer-media element_1587187627902\" id=\"\">\r\n        <div class=\"element element_1587190790308  element-media \">\r\n        <a target=\"_self\" href=\"http:\/\/190.57.232.171\/capacitacion\/index.php\/pre-inscripcion-curso-de-recomendaciones-nutricionales-durante-el-embarazo\/\"><img width=\"843\" height=\"968\" src=\"http:\/\/190.57.232.171\/capacitacion\/wp-content\/uploads\/2021\/09\/Alim-en-Emb-2021.jpeg\" class=\"attachment-large size-large wp-post-image\" alt=\"\" loading=\"lazy\" \/><\/a>\r\n\r\n    <\/div>\r\n        <\/div>\r\n        <div class=\"layer-content element_1587187714568\" id=\"\">\r\n        <div class=\"element element_1587187895341  title \">\r\n                    <a target=\"_blank\" href=\"http:\/\/190.57.232.171\/capacitacion\/index.php\/pre-inscripcion-curso-de-recomendaciones-nutricionales-durante-el-embarazo\/\">Pre-inscripci\u00f3n curso de recomendaciones nutricionales durante el embarazo<\/a>\r\n\r\n\t\t\r\n\r\n    <\/div>\r\n        <div class=\"element element_1587187729822  excerpt \">\r\n                            <a target=\"_self\" href=\"http:\/\/190.57.232.171\/capacitacion\/index.php\/pre-inscripcion-curso-de-recomendaciones-nutricionales-durante-el-embarazo\/\">Read more<\/a>\r\n            <\/div>\r\n        <\/div>\r\n            <\/div>\r\n    <\/div>\r\n            <\/div>\r\n            <div class=\"pagination\">\r\n            <div class=\"paginate\">\r\n            <\/div>\r\n    <style type=\"text\/css\">\r\n        #post-grid-806 .pagination .page-numbers{\r\n            font-size:16px;\r\n            color:#fff;\r\n            background:#646464;\r\n        }\r\n        #post-grid-806 .pagination .page-numbers:hover,\r\n        #post-grid-806 .pagination .page-numbers.current{\r\n            background:#4b4b4b;\r\n        }\r\n    <\/style>\r\n        <\/div>\r\n    <style type=\"text\/css\">\r\n.layout-644 .element_1587187627902{\r\n}\r\n<\/style>\r\n    <style type=\"text\/css\">\r\n.layout-644 .element_1587190790308{\r\n    overflow: hidden;\r\n}\r\n@media only screen and (min-width: 1024px ){\r\n    .layout-644 .element_1587190790308{\r\n                height: auto;\r\n        }\r\n}\r\n@media only screen and ( min-width: 768px ) and ( max-width: 1023px ) {\r\n    .layout-644 .element_1587190790308{\r\n            height: auto;\r\n        }\r\n}\r\n@media only screen and ( min-width: 0px ) and ( max-width: 767px ){\r\n    .layout-644 .element_1587190790308{\r\n            height: auto;\r\n        }\r\n}\r\n<\/style>\r\n    <style type=\"text\/css\">\r\n.layout-644 .element_1587187714568{\r\n    margin: 10px;\r\n}\r\n<\/style>\r\n    <style type=\"text\/css\">\r\n.layout-644 .element_1587187895341{\r\n    font-size: 18px;\r\n    margin: 5px 0px;\r\n    text-align: left;\r\n}\r\n.layout-644 .element_1587187895341 a{\r\n    font-size: 18px;\r\n}\r\n<\/style>\r\n    <style type=\"text\/css\">\r\n.layout-644 .element_1587187729822{\r\n    font-size: 13px;\r\n    margin: 0px 0px;\r\n    text-align: left;\r\n}\r\n.layout-644 .element_1587187729822 a{\r\n    font-size: 13px;\r\n}\r\n<\/style>\r\n    \r\n            \r\n            <style type=\"text\/css\">\r\n            .layout-644 a{text-decoration:none}.layout-644{vertical-align:top}.layout-644 .layer-content{padding:10px}        <\/style>\r\n        <script>\r\n                    jQuery('#post-grid-lazy-806').ready(function($){\r\n                var $container = $('#post-grid-806 .grid-items');\r\n                $container.masonry({\r\n                    itemSelector: '.item',\r\n                    columnWidth: '.item', \/\/as you wish , you can use numeric\r\n                    isAnimated: true,\r\n                    isFitWidth: true,\r\n                    horizontalOrder: true,\r\n                });\r\n                $container.imagesLoaded().done( function() {\r\n                    $container.masonry('layout');\r\n                });\r\n            })\r\n            <\/script>\r\n        <style type=\"text\/css\">\r\n        #post-grid-806 {\r\n                    padding:10px;\r\n                                        }\r\n        #post-grid-806 .grid-items{\r\n                    text-align: center;\r\n                }\r\n        #post-grid-806 .item{\r\n                    margin:10px;\r\n                            padding:0px;\r\n                            background:#fff;\r\n                }\r\n        #post-grid-806  .item .layer-media{\r\n            height:auto;        }\r\n        @media only screen and ( min-width: 0px ) and ( max-width: 767px ) {\r\n\r\n            #post-grid-806 .grid-items{\r\n                        }\r\n\r\n\r\n            #post-grid-806 .item{\r\n                            width:90%;\r\n                        height:auto;            }\r\n        }\r\n        @media only screen and ( min-width: 768px ) and ( max-width: 1023px ) {\r\n            #post-grid-806 .grid-items{\r\n                        }\r\n\r\n            #post-grid-806 .item{\r\n                            width:280px;\r\n                        max-height:auto;            }\r\n        }\r\n        @media only screen and (min-width: 1024px ){\r\n\r\n            #post-grid-806 .grid-items{\r\n                        }\r\n\r\n\r\n            #post-grid-806 .item{\r\n                            width:280px;\r\n                        height:auto;            }\r\n        }\r\n\r\n        \r\n\r\n    <\/style>\r\n        <\/div>\r\n    \n","protected":false},"excerpt":{"rendered":"<p>Convocatorias y propuestas de capacitaci\u00f3n realizadas desde el Ministerio de Salud de la Provincia de Entre R\u00edos, el Ministerio de Salud de la Naci\u00f3n y&hellip;<\/p>\n","protected":false},"author":1,"featured_media":0,"parent":0,"menu_order":0,"comment_status":"closed","ping_status":"closed","template":"","meta":[],"_links":{"self":[{"href":"http:\/\/190.57.232.171\/capacitacion\/index.php\/wp-json\/wp\/v2\/pages\/312"}],"collection":[{"href":"http:\/\/190.57.232.171\/capacitacion\/index.php\/wp-json\/wp\/v2\/pages"}],"about":[{"href":"http:\/\/190.57.232.171\/capacitacion\/index.php\/wp-json\/wp\/v2\/types\/page"}],"author":[{"embeddable":true,"href":"http:\/\/190.57.232.171\/capacitacion\/index.php\/wp-json\/wp\/v2\/users\/1"}],"replies":[{"embeddable":true,"href":"http:\/\/190.57.232.171\/capacitacion\/index.php\/wp-json\/wp\/v2\/comments?post=312"}],"version-history":[{"count":5,"href":"http:\/\/190.57.232.171\/capacitacion\/index.php\/wp-json\/wp\/v2\/pages\/312\/revisions"}],"predecessor-version":[{"id":1012,"href":"http:\/\/190.57.232.171\/capacitacion\/index.php\/wp-json\/wp\/v2\/pages\/312\/revisions\/1012"}],"wp:attachment":[{"href":"http:\/\/190.57.232.171\/capacitacion\/index.php\/wp-json\/wp\/v2\/media?parent=312"}],"curies":[{"name":"wp","href":"https:\/\/api.w.org\/{rel}","templated":true}]}}